{"id":632,"date":"2017-09-02T10:48:56","date_gmt":"2017-09-02T08:48:56","guid":{"rendered":"https:\/\/www.agriturismocorteaurea.it\/?page_id=632\/"},"modified":"2017-09-02T10:48:56","modified_gmt":"2017-09-02T08:48:56","slug":"privacy-e-cookie","status":"publish","type":"page","link":"https:\/\/www.agriturismocorteaurea.it\/en\/privacy-e-cookie\/","title":{"rendered":"Privacy e Cookie"},"content":{"rendered":"<h3>PRIVACY E NOTE LEGALI<\/h3>\n<p><strong>Premessa:<\/strong><br \/>\nIl decreto legislativo in materia di trattamento e tutela dei dati personali impone una serie di obblighi in capo a chi tratta informazioni riferite ad altri soggetti, tra cui quello di informare la persona cui i dati si riferiscono in merito all\u2019utilizzo che viene fatto delle relative informazioni ed acquisire il consenso allo svolgimento delle relative operazioni. La norma in questione intende come trattamento dei dati le seguenti operazioni: raccolta, registrazione, organizzazione, conservazione, consultazione, elaborazione, modificazione, selezione, estrazione, raffronto, utilizzo, interconnessione, blocco, comunicazione, diffusione, cancellazione, distruzione.<\/p>\n<p><strong>Dati di registrazione:<\/strong><br \/>\nLe informazioni richieste in fase di registrazione potranno essere utilizzate per consentire l\u2019accesso e la fruizione di eventuali servizi online.<\/p>\n<p><strong>Dati di navigazione (log files):<\/strong><br \/>\nI sistemi informatici e le procedure software preposte al funzionamento di questo sito web acquisiscono, nel corso del loro normale esercizio, alcuni dati personali la cui trasmissione \u00e8 implicita nell\u2019uso dei protocolli di comunicazione di Internet. Si tratta di informazioni che non sono raccolte per essere associate a interessati identificati, ma che per loro stessa natura potrebbero, attraverso elaborazioni ed associazioni con dati detenuti da terzi, permettere di identificare gli utenti. In questa categoria di dati rientrano gli indirizzi IP o i nomi a dominio dei computer utilizzati dagli utenti che si connettono al sito, gli indirizzi in notazione URI (Uniform Resource Identifier) delle risorse richieste, l\u2019orario della richiesta, il metodo utilizzato nel sottoporre la richiesta al server, la dimensione del file ottenuto in risposta, il codice numerico indicante lo stato della risposta data dal server (buon fine, errore, ecc.) ed altri parametri relativi al sistema operativo e all\u2019ambiente informatico dell\u2019utente.<br \/>\nQuesti dati vengono utilizzati al solo fine di ricavare informazioni statistiche anonime sull\u2019uso del sito e per controllarne il corretto funzionamento e sono conservati per i tempi definiti dalla normativa legale di riferimento. I dati potrebbero essere utilizzati per l\u2019accertamento di responsabilit\u00e0 in caso di ipotetici reati informatici ai danni del sito.<\/p>\n<p><strong>Dati forniti volontariamente dagli utenti:<\/strong><br \/>\nL\u2019inserimento facoltativo dei dati nei form presenti sul sito cos\u00ec come l\u2019invio facoltativo, esplicito e volontario di dati nei moduli web o di posta elettronica agli indirizzi indicati su questo sito, per l\u2019ottenimento di servizi specifici (ad esempio la newsletter) e\/o di comunicazioni e informazioni comporta la successiva acquisizione dell\u2019indirizzo del mittente, necessario per rispondere alle richieste o per fornire i servizi, le comunicazioni e le informazioni richieste, nonch\u00e9 degli eventuali altri dati personali inseriti.<\/p>\n<p><strong>Cookies:<\/strong><br \/>\nNel sito potrebbero essere utilizzati sistemi di web tracking, quali cookie o codice javascript. Si tratta di registrazioni informatiche di informazioni trasmesse da un web server al computer dell\u2019utente per la futura identificazione di tale computer al momento di future visite sullo stesso sito web. Tali strumenti contribuiscono a facilitare l\u2019analisi del traffico su web, permettono la corretta operativit\u00e0 del sito e consentono alle applicazioni web di inviare informazioni a singoli utenti.<br \/>\nCon riferimento agli utenti del sito che si limitano a navigare su di esso senza compilare moduli o inviare spontaneamente propri dati personali, e fermo restando quanto in seguito precisato con riferimento a specifici software, non viene fatto uso di cookie per la trasmissione di informazioni di carattere personale, n\u00e9 vengono utilizzati c.d. cookie persistenti di alcun tipo, ovvero sistemi per il tracciamento degli utenti. I cookie di sessione utilizzati in questo sito evitano il ricorso ad altre tecniche informatiche potenzialmente pregiudizievoli per la riservatezza della navigazione degli utenti e non consentono l\u2019acquisizione di dati personali identificativi dell\u2019utente. In qualsiasi momento l\u2019utente potr\u00e0 cancellare i cookie dal proprio sistema, con modalit\u00e0 diverse a seconda del browser utilizzato, od impostare il proprio browser per non accettare cookie e disabilitare i javascript. In tal caso, tuttavia, non \u00e8 garantito il corretto funzionamento di tutti gli strumenti che il sito mette a vostra disposizione.<br \/>\nQuesto sito utilizza Google Analytics, un servizio di analisi web fornito da Google, Inc. (\u201cGoogle\u201d). Google Analytics utilizza dei \u201ccookies\u201d, che sono file di testo che vengono depositati sul Vostro computer per consentire al sito di analizzare come gli utenti utilizzano il sito. Le informazioni generate dal cookie sull\u2019utilizzo del sito da parte Sua (compreso il suo indirizzo IP) verranno trasmesse a, e depositate presso i server di Google negli Stati Uniti. Google utilizzer\u00e0 queste informazioni allo scopo di tracciare e esaminare il suo utilizzo del sito, compilare report sulle attivit\u00e0 del sito per IBH e fornire altri servizi relativi alle attivit\u00e0 del sito e all\u2019utilizzo di Internet. Google pu\u00f2 anche trasferire queste informazioni a terzi ove ci\u00f2 sia imposto dalla legge o laddove tali terzi trattino le suddette informazioni per conto di Google. Google non assocer\u00e0 il suo indirizzo IP a nessun altro dato posseduto da Google.<br \/>\nPotete rifiutarvi di usare i cookies selezionando l\u2019impostazione appropriata sul vostro browser, ma ci\u00f2 potrebbe impedirvi di utilizzare tutte le funzionalit\u00e0 di questo sito. Utilizzando il presente sito, l\u2019Utente acconsente al trattamento dei propri dati da parte di Google per le modalit\u00e0 e i fini sopraindicati. Per consultare l\u2019informativa privacy della societ\u00e0 Google, relativa al servizio Google Analytics, La preghiamo di visitare il sito Internet Protezione dei dati. Per conoscere le norme sulla privacy di Google La preghiamo di visitare il sito Internet Norme sulla privacy.\u00a0Se desideri conoscere, bloccare o eliminare cookies dal tuo browser qui sotto trovi i link alle informazioni sull\u2019utilizzo dei cookies dei principali browser utlizzati per navigare nel web. Ricordati che disabilitando l\u2019utilizzo di tutti i cookies dal tuo browser anche la navigazione su questo sito potrebbe risultare pi\u00f9 difficoltosa.<\/p>\n<p>Firefox: <a href=\"http:\/\/support.mozilla.org\/it\/kb\/Gestione%20dei%20cookie\" target=\"_blank\" rel=\"noopener\">http:\/\/support.mozilla.org\/it\/kb\/Gestione%20dei%20cookie<\/a><br \/>\nChrome: <a href=\"https:\/\/support.google.com\/chrome\/answer\/95647?hl=it\" target=\"_blank\" rel=\"noopener\">https:\/\/support.google.com\/chrome\/answer\/95647?hl=it<\/a><br \/>\nInternet Explorer: <a href=\"http:\/\/windows.microsoft.com\/it-it\/windows7\/how-to-manage-cookies-in-internet-explorer-9\" target=\"_blank\" rel=\"noopener\">http:\/\/windows.microsoft.com\/it-it\/windows7\/how-to-manage-cookies-in-int\u2026<\/a><br \/>\nSafari: <a href=\"http:\/\/support.apple.com\/kb\/ph5042\" target=\"_blank\" rel=\"noopener\">http:\/\/support.apple.com\/kb\/ph5042<\/a><br \/>\nOpera: <a href=\"http:\/\/help.opera.com\/Windows\/12.10\/en\/cookies.html\" target=\"_blank\" rel=\"noopener\">http:\/\/help.opera.com\/Windows\/12.10\/en\/cookies.html<\/a><\/p>\n<p><strong>Finalit\u00e0 e modalit\u00e0 del trattamento:<\/strong><br \/>\nI suoi dati personali, gi\u00e0 in nostro possesso, che Le saranno richiesti, che ci verranno comunicati da Lei o da terzi, verranno trattati per le seguenti finalit\u00e0: rapporti commerciali (offerte, contratti, ordini, materiale pubblicitario); rapporti contabili, civilistici e fiscali; espletamento di eventuali esigenze legali, amministrative e tecniche; obblighi di legge.<br \/>\nI dati personali in questione verranno trattati con strumenti elettronici, informatici e cartacei, nel rispetto della norma ai sensi del Disciplinare Tecnico in materia di misure minime di sicurezza, Allegato B del D.Lgs. n\u00b0 196 del 30 giugno 2003. I soggetti autorizzati al trattamento dei suoi dati personali \u2013 personale amministrativo, personale commerciale e personale tecnico per la manutenzione e assistenza delle apparecchiature informatiche e delle relative procedure di elaborazione \u2013 saranno costantemente identificati ed opportunamente istruiti e resi edotti dei vincoli imposti dal D.Lgs. 196\/03.<\/p>\n<p><strong>Ambito di diffusione:<\/strong><br \/>\nIl trattamento dei dati in oggetto, svolto con le finalit\u00e0 e modalit\u00e0 di cui precedente paragrafo, potr\u00e0 includere anche la comunicazione degli stessi a soggetti terzi, quali: istituti di credito per le operazioni bancarie, consulenti e liberi professionisti per l\u2019espletamento degli obblighi contabili e fiscali e per eventuali esigenze legali e amministrative, organi ispettivi preposti alla vigilanza in materia finanziaria.<\/p>\n<p><strong>Natura del conferimento dei dati:<\/strong><br \/>\nI suoi dati personali, come \u00e8 facile comprendere, sono necessari per gli scopi sopra indicati ma il suo conferimento non ha natura obbligatoria. Tuttavia, il mancato conferimento o il rifiuto a consentire il loro trattamento potrebbero compromettere il regolare svolgimento del rapporto con la nostra Azienda.<\/p>\n<p><strong>Indicazione del titolare e del responsabile del trattamento:<\/strong><br \/>\nIl titolare del trattamento dei suoi dati personali, ai sensi del D.Lgs. 196\/03, \u00e8\u00a0Azienda Agricola ANDER S.S. di Magoni,\u00a0Via Lugasca, 2 Loc. San Cipriano\u00a025015 Desenzano del Garda (BS) Italy &#8211;\u00a0Tel. 348 844 6351 &#8211;\u00a0info@agriturismocorteaurea.it,\u00a0che ne \u00e8 anche responsabile, cui pu\u00f2 essere formulata qualsivoglia richiesta ai sensi del citato decreto legislativo.<\/p>\n<p><strong>Diritto di accesso ai dati personali ed altri diritti:<\/strong><br \/>\n1. L\u2019interessato ha diritto di ottenere la conferma dell\u2019esistenza o meno di dati personali che lo riguardano, anche se non ancora registrati, e la loro comunicazione in forma intelligibile.<br \/>\n2. L\u2019interessato ha diritto di ottenere l\u2019indicazione:<br \/>\ndell\u2019origine dei dati personali;<br \/>\ndelle finalit\u00e0 e modalit\u00e0 del trattamento;<br \/>\ndella logica applicata in caso di trattamento effettuato con l\u2019ausilio di strumenti elettronici;<br \/>\ndegli estremi identificativi del titolare, dei responsabili e del rappresentante designato ai sensi dell\u2019articolo 5, comma 2;<br \/>\ndei soggetti o delle categorie di soggetti ai quali i dati personali possono essere comunicati o che possono venirne a conoscenza in qualit\u00e0 di rappresentante designato nel territorio dello Stato, di responsabili o incaricati.<br \/>\n3. L\u2019interessato ha diritto di ottenere:<br \/>\nl\u2019aggiornamento, la rettificazione ovvero, quando vi ha interesse, l\u2019integrazione dei dati;<br \/>\nla cancellazione, la trasformazione in forma anonima o il blocco dei dati trattati in violazione di legge, compresi quelli di cui non \u00e8 necessaria la conservazione in relazione agli scopi per i quali i dati sono stati raccolti o successivamente trattati;<br \/>\nl\u2019attestazione che le operazioni di cui alle lettere a) e b) sono state portate a conoscenza, anche per quanto riguarda il loro contenuto, di coloro ai quali i dati sono stati comunicati o diffusi, eccettuato il caso in cui tale adempimento si rivela impossibile o comporta un impiego di mezzi manifestamente sproporzionato rispetto al diritto tutelato.<br \/>\n4. L\u2019interessato ha diritto di opporsi, in tutto o in parte:<br \/>\nper motivi legittimi al trattamento dei dati personali che lo riguardano, ancorch\u00e9 pertinenti allo scopo della raccolta;<br \/>\nal trattamento di dati personali che lo riguardano a fini di invio di materiale pubblicitario o di vendita diretta o per il compimento di ricerche di mercato o di comunicazione commerciale.<\/p>\n","protected":false},"excerpt":{"rendered":"<p>PRIVACY E NOTE LEGALI Premessa: Il decreto legislativo in materia di trattamento e tutela dei dati personali impone una serie di obblighi in capo a chi tratta informazioni riferite ad altri soggetti, tra cui quello di informare la persona cui i dati si riferiscono in merito all\u2019utilizzo che viene fatto delle relative informazioni ed acquisire&#8230;<\/p>\n","protected":false},"author":1,"featured_media":0,"parent":0,"menu_order":0,"comment_status":"closed","ping_status":"closed","template":"","meta":{"inline_featured_image":false,"footnotes":""},"class_list":["post-632","page","type-page","status-publish","hentry"],"yoast_head":"<!-- This site is optimized with the Yoast SEO plugin v27.4 - https:\/\/yoast.com\/product\/yoast-seo-wordpress\/ -->\n<title>Privacy e Cookie - Agriturismo Corte Aurea<\/title>\n<meta name=\"robots\" content=\"index, follow, max-snippet:-1, max-image-preview:large, max-video-preview:-1\" \/>\n<link rel=\"canonical\" href=\"https:\/\/www.agriturismocorteaurea.it\/en\/privacy-e-cookie\/\" \/>\n<meta property=\"og:locale\" content=\"en_US\" \/>\n<meta property=\"og:type\" content=\"article\" \/>\n<meta property=\"og:title\" content=\"Privacy e Cookie - Agriturismo Corte Aurea\" \/>\n<meta property=\"og:description\" content=\"PRIVACY E NOTE LEGALI Premessa: Il decreto legislativo in materia di trattamento e tutela dei dati personali impone una serie di obblighi in capo a chi tratta informazioni riferite ad altri soggetti, tra cui quello di informare la persona cui i dati si riferiscono in merito all\u2019utilizzo che viene fatto delle relative informazioni ed acquisire...\" \/>\n<meta property=\"og:url\" content=\"https:\/\/www.agriturismocorteaurea.it\/en\/privacy-e-cookie\/\" \/>\n<meta property=\"og:site_name\" content=\"Agriturismo Corte Aurea\" \/>\n<meta name=\"twitter:card\" content=\"summary_large_image\" \/>\n<meta name=\"twitter:label1\" content=\"Est. reading time\" \/>\n\t<meta name=\"twitter:data1\" content=\"8 minutes\" \/>\n<script type=\"application\/ld+json\" class=\"yoast-schema-graph\">{\"@context\":\"https:\\\/\\\/schema.org\",\"@graph\":[{\"@type\":\"WebPage\",\"@id\":\"https:\\\/\\\/www.agriturismocorteaurea.it\\\/en\\\/privacy-e-cookie\\\/\",\"url\":\"https:\\\/\\\/www.agriturismocorteaurea.it\\\/en\\\/privacy-e-cookie\\\/\",\"name\":\"Privacy e Cookie - Agriturismo Corte Aurea\",\"isPartOf\":{\"@id\":\"https:\\\/\\\/www.agriturismocorteaurea.it\\\/#website\"},\"datePublished\":\"2017-09-02T08:48:56+00:00\",\"breadcrumb\":{\"@id\":\"https:\\\/\\\/www.agriturismocorteaurea.it\\\/en\\\/privacy-e-cookie\\\/#breadcrumb\"},\"inLanguage\":\"en-US\",\"potentialAction\":[{\"@type\":\"ReadAction\",\"target\":[\"https:\\\/\\\/www.agriturismocorteaurea.it\\\/en\\\/privacy-e-cookie\\\/\"]}]},{\"@type\":\"BreadcrumbList\",\"@id\":\"https:\\\/\\\/www.agriturismocorteaurea.it\\\/en\\\/privacy-e-cookie\\\/#breadcrumb\",\"itemListElement\":[{\"@type\":\"ListItem\",\"position\":1,\"name\":\"Home\",\"item\":\"https:\\\/\\\/www.agriturismocorteaurea.it\\\/en\\\/\"},{\"@type\":\"ListItem\",\"position\":2,\"name\":\"Privacy e Cookie\"}]},{\"@type\":\"WebSite\",\"@id\":\"https:\\\/\\\/www.agriturismocorteaurea.it\\\/#website\",\"url\":\"https:\\\/\\\/www.agriturismocorteaurea.it\\\/\",\"name\":\"Agriturismo Corte Aurea\",\"description\":\"Agriturismo Corte Aurea\",\"potentialAction\":[{\"@type\":\"SearchAction\",\"target\":{\"@type\":\"EntryPoint\",\"urlTemplate\":\"https:\\\/\\\/www.agriturismocorteaurea.it\\\/?s={search_term_string}\"},\"query-input\":{\"@type\":\"PropertyValueSpecification\",\"valueRequired\":true,\"valueName\":\"search_term_string\"}}],\"inLanguage\":\"en-US\"}]}<\/script>\n<!-- \/ Yoast SEO plugin. -->","yoast_head_json":{"title":"Privacy e Cookie - Agriturismo Corte Aurea","robots":{"index":"index","follow":"follow","max-snippet":"max-snippet:-1","max-image-preview":"max-image-preview:large","max-video-preview":"max-video-preview:-1"},"canonical":"https:\/\/www.agriturismocorteaurea.it\/en\/privacy-e-cookie\/","og_locale":"en_US","og_type":"article","og_title":"Privacy e Cookie - Agriturismo Corte Aurea","og_description":"PRIVACY E NOTE LEGALI Premessa: Il decreto legislativo in materia di trattamento e tutela dei dati personali impone una serie di obblighi in capo a chi tratta informazioni riferite ad altri soggetti, tra cui quello di informare la persona cui i dati si riferiscono in merito all\u2019utilizzo che viene fatto delle relative informazioni ed acquisire...","og_url":"https:\/\/www.agriturismocorteaurea.it\/en\/privacy-e-cookie\/","og_site_name":"Agriturismo Corte Aurea","twitter_card":"summary_large_image","twitter_misc":{"Est. reading time":"8 minutes"},"schema":{"@context":"https:\/\/schema.org","@graph":[{"@type":"WebPage","@id":"https:\/\/www.agriturismocorteaurea.it\/en\/privacy-e-cookie\/","url":"https:\/\/www.agriturismocorteaurea.it\/en\/privacy-e-cookie\/","name":"Privacy e Cookie - Agriturismo Corte Aurea","isPartOf":{"@id":"https:\/\/www.agriturismocorteaurea.it\/#website"},"datePublished":"2017-09-02T08:48:56+00:00","breadcrumb":{"@id":"https:\/\/www.agriturismocorteaurea.it\/en\/privacy-e-cookie\/#breadcrumb"},"inLanguage":"en-US","potentialAction":[{"@type":"ReadAction","target":["https:\/\/www.agriturismocorteaurea.it\/en\/privacy-e-cookie\/"]}]},{"@type":"BreadcrumbList","@id":"https:\/\/www.agriturismocorteaurea.it\/en\/privacy-e-cookie\/#breadcrumb","itemListElement":[{"@type":"ListItem","position":1,"name":"Home","item":"https:\/\/www.agriturismocorteaurea.it\/en\/"},{"@type":"ListItem","position":2,"name":"Privacy e Cookie"}]},{"@type":"WebSite","@id":"https:\/\/www.agriturismocorteaurea.it\/#website","url":"https:\/\/www.agriturismocorteaurea.it\/","name":"Agriturismo Corte Aurea","description":"Agriturismo Corte Aurea","potentialAction":[{"@type":"SearchAction","target":{"@type":"EntryPoint","urlTemplate":"https:\/\/www.agriturismocorteaurea.it\/?s={search_term_string}"},"query-input":{"@type":"PropertyValueSpecification","valueRequired":true,"valueName":"search_term_string"}}],"inLanguage":"en-US"}]}},"_links":{"self":[{"href":"https:\/\/www.agriturismocorteaurea.it\/en\/wp-json\/wp\/v2\/pages\/632","targetHints":{"allow":["GET"]}}],"collection":[{"href":"https:\/\/www.agriturismocorteaurea.it\/en\/wp-json\/wp\/v2\/pages"}],"about":[{"href":"https:\/\/www.agriturismocorteaurea.it\/en\/wp-json\/wp\/v2\/types\/page"}],"author":[{"embeddable":true,"href":"https:\/\/www.agriturismocorteaurea.it\/en\/wp-json\/wp\/v2\/users\/1"}],"replies":[{"embeddable":true,"href":"https:\/\/www.agriturismocorteaurea.it\/en\/wp-json\/wp\/v2\/comments?post=632"}],"version-history":[{"count":1,"href":"https:\/\/www.agriturismocorteaurea.it\/en\/wp-json\/wp\/v2\/pages\/632\/revisions"}],"predecessor-version":[{"id":633,"href":"https:\/\/www.agriturismocorteaurea.it\/en\/wp-json\/wp\/v2\/pages\/632\/revisions\/633"}],"wp:attachment":[{"href":"https:\/\/www.agriturismocorteaurea.it\/en\/wp-json\/wp\/v2\/media?parent=632"}],"curies":[{"name":"wp","href":"https:\/\/api.w.org\/{rel}","templated":true}]}}