{"id":690,"date":"2017-09-02T15:57:34","date_gmt":"2017-09-02T13:57:34","guid":{"rendered":"https:\/\/www.agriturismocorteaurea.it\/?page_id=690\/"},"modified":"2025-09-17T15:04:53","modified_gmt":"2025-09-17T13:04:53","slug":"agriturismo-desenzano-del-garda","status":"publish","type":"page","link":"https:\/\/www.agriturismocorteaurea.it\/de\/","title":{"rendered":"Agriturismo Desenzano del Garda"},"content":{"rendered":"<section class=\"l-section wpb_row us_custom_ea9f43ab height_auto width_full\"><div class=\"l-section-h i-cf\"><div class=\"g-cols vc_row via_flex valign_top type_default stacking_default\"><div class=\"vc_col-sm-12 wpb_column vc_column_container\"><div class=\"vc_column-inner\"><div class=\"wpb_wrapper\"><div class=\"wpb_text_column\"><div class=\"wpb_wrapper\"><p>[rev_slider_vc alias=&#8220;home&#8220;]<\/p>\n<\/div><\/div><\/div><\/div><\/div><\/div><\/div><\/section><!-- Row Backgrounds --><div class=\"upb_color\" data-bg-override=\"0\" data-bg-color=\"#ffffff\" data-fadeout=\"\" data-fadeout-percentage=\"30\" data-parallax-content=\"\" data-parallax-content-sense=\"30\" data-row-effect-mobile-disable=\"true\" data-img-parallax-mobile-disable=\"true\" data-rtl=\"false\"  data-custom-vc-row=\"\"  data-vc=\"8.7.2\"  data-is_old_vc=\"\"  data-theme-support=\"\"   data-overlay=\"false\" data-overlay-color=\"\" data-overlay-pattern=\"\" data-overlay-pattern-opacity=\"\" data-overlay-pattern-size=\"\"    ><\/div><!-- Row Backgrounds --><div class=\"upb_color\" data-bg-override=\"0\" data-bg-color=\"#ffffff\" data-fadeout=\"\" data-fadeout-percentage=\"30\" data-parallax-content=\"\" data-parallax-content-sense=\"30\" data-row-effect-mobile-disable=\"true\" data-img-parallax-mobile-disable=\"true\" data-rtl=\"false\"  data-custom-vc-row=\"\"  data-vc=\"8.7.2\"  data-is_old_vc=\"\"  data-theme-support=\"\"   data-overlay=\"false\" data-overlay-color=\"\" data-overlay-pattern=\"\" data-overlay-pattern-opacity=\"\" data-overlay-pattern-size=\"\"    ><\/div><section class=\"l-section wpb_row us_custom_72fc42ef height_auto\"><div class=\"l-section-h i-cf\"><div class=\"g-cols vc_row via_flex valign_middle type_default stacking_default\" style=\"--additional-gap:17.5px;\"><div class=\"vc_col-sm-12 wpb_column vc_column_container\"><div class=\"vc_column-inner\"><div class=\"wpb_wrapper\"><div class=\"wpb_text_column\"><div class=\"wpb_wrapper\"><h1 style=\"text-align: center;\">Corte Aurea<\/h1>\n<h2 style=\"text-align: center;\">Agriturismo B&amp;B Desenzano del Garda.<\/h2>\n<\/div><\/div><div class=\"w-separator size_small with_line width_30 thick_1 style_solid color_border align_center with_content\"><div class=\"w-separator-h\"><i class=\"fas fa-adn\"><\/i><\/div><\/div><\/div><\/div><\/div><\/div><\/div><\/section><section class=\"l-section wpb_row us_custom_f029a2ba height_small\"><div class=\"l-section-h i-cf\"><div class=\"g-cols vc_row via_flex valign_top type_default stacking_default\" style=\"--additional-gap:17.5px;\"><div class=\"vc_col-sm-6 wpb_column vc_column_container\"><div class=\"vc_column-inner\"><div class=\"wpb_wrapper\"><div class=\"wpb_text_column giustifica\"><div class=\"wpb_wrapper\"><p>Der Agriturismo Corte Aurea liegt 3 km vom Zentrum von Desenzano del Garda entfernt, in einer ruhigen, gr\u00fcnen H\u00fcgellandschaft.<br \/>\nEr pr\u00e4sentiert sich mit der typischen Architektur alter Bauernh\u00f6fe, um einen bl\u00fchenden Innenhof angeordnet, in dessen Mitte sich der Infinity-Pool mit Meerwasser-Whirlpool befindet. Umgeben von Blumen, \u00fcber 100 verschiedenen Kr\u00e4uterarten und 5000 qm Weinberg, die jederzeit zu einem angenehmen Spaziergang einladen.<\/p>\n<\/div><\/div><\/div><\/div><\/div><div class=\"vc_col-sm-6 wpb_column vc_column_container\"><div class=\"vc_column-inner\"><div class=\"wpb_wrapper\"><div class=\"wpb_text_column giustifica\"><div class=\"wpb_wrapper\"><p>Corte Aurea verf\u00fcgt \u00fcber Zimmer und Apartments, die meisten mit Terrasse mit Blick auf den Hof und den Weinberg, sowie \u00fcber eine Suite f\u00fcr 4 Personen mit Whirlpool im Zimmer.<br \/>\nAlle Unterk\u00fcnfte sind mit Klimaanlage, Schallisolierung ausgestattet, und die Betten bieten optimalen Schlafkomfort dank orthop\u00e4discher und antiallergischer Lattenroste und Matratzen.<\/p>\n<\/div><\/div><\/div><\/div><\/div><\/div><\/div><\/section><section class=\"l-section wpb_row height_medium full_height valign_center with_img\"><div class=\"l-section-img\" role=\"img\" aria-label=\"Camera con terrazza e vista sulla piscina dell\u2019Agriturismo Corte Aurea a Desenzano del Garda\" data-img-width=\"1920\" data-img-height=\"1280\" style=\"background-image: url(https:\/\/www.agriturismocorteaurea.it\/wp-content\/uploads\/2019\/11\/IMG_2237.jpg);\"><\/div><div class=\"l-section-h i-cf\"><div class=\"g-cols vc_row via_flex valign_middle type_default stacking_default\"><div class=\"vc_col-sm-8 wpb_column vc_column_container\"><div class=\"vc_column-inner\"><div class=\"wpb_wrapper\"><div class=\"g-cols wpb_row blocco-disintermediazione via_flex valign_middle type_default stacking_default\"><div class=\"vc_col-sm-4 wpb_column vc_column_container\"><div class=\"vc_column-inner us_custom_ebfe7033\"><div class=\"wpb_wrapper\"><div class=\"wpb_text_column\"><div class=\"wpb_wrapper\"><h4 style=\"text-align: center;\">HIER SPAREN SIE<\/h4>\n<\/div><\/div><div class=\"wpb_text_column\"><div class=\"wpb_wrapper\"><h1 style=\"text-align: center;\">Immer 12%<\/h1>\n<\/div><\/div><div class=\"wpb_text_column\"><div class=\"wpb_wrapper\"><h4 style=\"text-align: center;\">auch jetzt!<\/h4>\n<\/div><\/div><div class=\"w-btn-wrapper align_center\"><a class=\"w-btn us-btn-style_1\" href=\"https:\/\/www.agriturismocorteaurea.it\/de\/zimmer-und-ferienwohnungen\/\"><span class=\"w-btn-label\">ZIMMERDETAILS<\/span><\/a><\/div><\/div><\/div><\/div><div class=\"vc_col-sm-8 wpb_column vc_column_container\"><div class=\"vc_column-inner\"><div class=\"wpb_wrapper\"><div class=\"wpb_text_column\"><div class=\"wpb_wrapper\"><h3>Weitere Vorteile:<\/h3>\n<ul>\n<li>\n<h5>Exklusive Angebote;<\/h5>\n<\/li>\n<li>\n<h5>Bester Preis. <strong>Suchen Sie nicht woanders!<\/strong><\/h5>\n<\/li>\n<li>\n<h5>Kostenlose Stornierung.<\/h5>\n<\/li>\n<\/ul>\n<\/div><\/div><div class=\"w-btn-wrapper align_none\"><a class=\"w-btn us-btn-style_3\" title=\"Empfang 2020\" href=\"https:\/\/www.agriturismocorteaurea.it\/de\/sicherer-empfang-2020\/\"><span class=\"w-btn-label\">Sichere Gastfreundschaft<\/span><\/a><\/div><\/div><\/div><\/div><\/div><\/div><\/div><\/div><div class=\"vc_col-sm-4 wpb_column vc_column_container\"><div class=\"vc_column-inner\"><div class=\"wpb_wrapper\"><\/div><\/div><\/div><\/div><\/div><\/section><!-- Row Backgrounds --><div class=\"upb_color\" data-bg-override=\"0\" data-bg-color=\"\" data-fadeout=\"\" data-fadeout-percentage=\"30\" data-parallax-content=\"\" data-parallax-content-sense=\"30\" data-row-effect-mobile-disable=\"true\" data-img-parallax-mobile-disable=\"true\" data-rtl=\"false\"  data-custom-vc-row=\"\"  data-vc=\"8.7.2\"  data-is_old_vc=\"\"  data-theme-support=\"\"   data-overlay=\"false\" data-overlay-color=\"\" data-overlay-pattern=\"\" data-overlay-pattern-opacity=\"\" data-overlay-pattern-size=\"\"    ><\/div><section class=\"l-section wpb_row fascia-masonry height_medium\" id=\"ramo-sx\"><div class=\"l-section-h i-cf\"><div class=\"g-cols vc_row via_flex valign_middle type_boxes stacking_default\"><div class=\"vc_col-sm-4 wpb_column vc_column_container\"><div class=\"vc_column-inner\"><div class=\"wpb_wrapper\"><div class=\"wpb_text_column\"><div class=\"wpb_wrapper\"><h3>Der Garten mit Pool<\/h3>\n<h4>Zwischen Olivenb\u00e4umen und Obstb\u00e4umen am Fu\u00dfe der Mor\u00e4nenh\u00fcgel.<\/h4>\n<\/div><\/div><div class=\"wpb_text_column\"><div class=\"wpb_wrapper\"><p>Eine herrliche Explosion von Blumen und Pflanzen, mit Blick auf 5000 qm Weinberge, die gr\u00fcnen H\u00fcgel und alte Bauernh\u00f6fe am Fu\u00dfe der Mor\u00e4nenh\u00fcgel.<\/p>\n<p><em>Ein Ort der Ruhe und Erholung f\u00fcr unsere G\u00e4ste.<\/em><\/p>\n<\/div><\/div><div class=\"w-btn-wrapper align_none\"><a class=\"w-btn us-btn-style_4 us_custom_80a192e9\" href=\"https:\/\/www.agriturismocorteaurea.it\/de\/garden\/\"><span class=\"w-btn-label\">DER GARTEN<\/span><\/a><\/div><\/div><\/div><\/div><div class=\"vc_col-sm-4 vc_hidden-xs wpb_column vc_column_container\"><div class=\"vc_column-inner\"><div class=\"wpb_wrapper\"><div class=\"g-cols wpb_row masonry-img via_flex valign_middle type_boxes stacking_default\" style=\"--additional-gap:1px;\"><div class=\"vc_col-sm-12 wpb_column vc_column_container has_bg_color\"><div class=\"vc_column-inner us_custom_1048805c\"><div class=\"wpb_wrapper\"><div class=\"ult-spacer spacer-69ecc9ff7a195\" data-id=\"69ecc9ff7a195\" data-height=\"300\" data-height-mobile=\"300\" data-height-tab=\"300\" data-height-tab-portrait=\"\" data-height-mobile-landscape=\"\" style=\"clear:both;display:block;\"><\/div><\/div><\/div><\/div><\/div><div class=\"g-cols wpb_row masonry-img via_flex valign_middle type_boxes stacking_default\" style=\"--additional-gap:1px;\"><div class=\"vc_col-sm-12 wpb_column vc_column_container has_bg_color\"><div class=\"vc_column-inner us_custom_3529eab5\"><div class=\"wpb_wrapper\"><div class=\"ult-spacer spacer-69ecc9ff7a5d0\" data-id=\"69ecc9ff7a5d0\" data-height=\"300\" data-height-mobile=\"300\" data-height-tab=\"300\" data-height-tab-portrait=\"\" data-height-mobile-landscape=\"\" style=\"clear:both;display:block;\"><\/div><\/div><\/div><\/div><\/div><\/div><\/div><\/div><div class=\"vc_col-sm-4 wpb_column vc_column_container\"><div class=\"vc_column-inner us_custom_36724591\"><div class=\"wpb_wrapper\"><div tabindex=\"0\" class=\"ult-new-ib ult-ib-effect-style10  ult-ib-resp   vc_custom_1573467952852\" data-min-width=\"768\" data-max-width=\"900\" style=\"background:#7e1e2b;\" data-opacity=\"0.9\" data-hover-opacity=\"0.8\" ><img decoding=\"async\" class=\"ult-new-ib-img\" style=\"opacity:0.9;\" alt=\"null\" src=\"https:\/\/www.agriturismocorteaurea.it\/wp-content\/uploads\/2017\/06\/aca-7334.jpg\"   \/><div id=\"interactive-banner-wrap-8157\" class=\"ult-new-ib-desc\" style=\"\"><h3 class=\"ult-new-ib-title ult-responsive\"  data-ultimate-target='#interactive-banner-wrap-8157 .ult-new-ib-title'  data-responsive-json-new='{\"font-size\":\"desktop:70px;\",\"line-height\":\"desktop:65px;\"}'  style=\"font-weight:normal;color:#ffffff;\">Bringen Sie mit Gr\u00fcn Farbe in Ihren Urlaub.<\/h3><\/div><a class=\"ult-new-ib-link\" href=\"https:\/\/www.agriturismocorteaurea.it\/giardino\/\"  ><\/a><\/div><\/div><\/div><\/div><\/div><\/div><\/section><section class=\"l-section wpb_row height_auto width_full\" id=\"inverti\"><div class=\"l-section-h i-cf\"><div class=\"g-cols vc_row via_flex valign_middle type_default stacking_default\"><div class=\"vc_col-sm-8 wpb_column vc_column_container\"><div class=\"vc_column-inner us_custom_2f514b60\"><div class=\"wpb_wrapper\"><div class=\"w-image align_none\"><div class=\"w-image-h\"><img decoding=\"async\" width=\"1920\" height=\"1280\" src=\"https:\/\/www.agriturismocorteaurea.it\/wp-content\/uploads\/2017\/06\/aca-7480-1.jpg\" class=\"attachment-full size-full\" alt=\"\" loading=\"lazy\" srcset=\"https:\/\/www.agriturismocorteaurea.it\/wp-content\/uploads\/2017\/06\/aca-7480-1.jpg 1920w, https:\/\/www.agriturismocorteaurea.it\/wp-content\/uploads\/2017\/06\/aca-7480-1-300x200.jpg 300w, https:\/\/www.agriturismocorteaurea.it\/wp-content\/uploads\/2017\/06\/aca-7480-1-768x512.jpg 768w, https:\/\/www.agriturismocorteaurea.it\/wp-content\/uploads\/2017\/06\/aca-7480-1-1024x683.jpg 1024w\" sizes=\"auto, (max-width: 1920px) 100vw, 1920px\" \/><\/div><\/div><\/div><\/div><\/div><div class=\"vc_col-sm-4 wpb_column vc_column_container greca-dx3\"><div class=\"vc_column-inner\"><div class=\"wpb_wrapper\"><div class=\"g-cols wpb_row blocco-piccolo-dx2 via_flex valign_top type_default stacking_default\"><div class=\"vc_col-sm-12 wpb_column vc_column_container\"><div class=\"vc_column-inner\"><div class=\"wpb_wrapper\"><div class=\"wpb_text_column\"><div class=\"wpb_wrapper\"><h3>Familie Magoni<\/h3>\n<h4>Dori, Alessandro und die Kleinen Giulia und Michele&#8230;<\/h4>\n<p>&#8230; mit der unersetzlichen Hilfe der Gro\u00dfeltern Paola und Giancarlo, die daf\u00fcr sorgen, dass Ihr Urlaub in die richtige Richtung verl\u00e4uft.<\/p>\n<\/div><\/div><\/div><\/div><\/div><\/div><\/div><\/div><\/div><\/div><\/div><\/section><section class=\"l-section wpb_row height_medium\"><div class=\"l-section-h i-cf\"><div class=\"g-cols vc_row via_flex valign_top type_default stacking_default\"><div class=\"vc_col-sm-12 wpb_column vc_column_container\"><div class=\"vc_column-inner\"><div class=\"wpb_wrapper\"><h3 class=\"w-text us_custom_eb849559\"><span class=\"w-text-h\"><span class=\"w-text-value\">N\u00fctzliche Informationen f\u00fcr Ihren Aufenthalt<\/span><\/span><\/h3><div class=\"w-separator size_medium\"><\/div><div class=\"g-cols wpb_row via_flex valign_top type_default stacking_default\"><div class=\"vc_col-sm-6 wpb_column vc_column_container\"><div class=\"vc_column-inner\"><div class=\"wpb_wrapper\"><div class=\"w-tabs style_default switch_click accordion\" style=\"--sections-title-size:inherit\"><div class=\"w-tabs-sections titles-align_none icon_chevron cpos_right\"><div class=\"w-tabs-section active\" id=\"nf99\"><button class=\"w-tabs-section-header active with_icon\" aria-controls=\"content-nf99\" aria-expanded=\"true\"><i class=\"fas fa-info-circle\"><\/i><div class=\"w-tabs-section-title\">Welche Art von Fr\u00fchst\u00fcck wird im Agriturismo Corte Aurea serviert?<\/div><div class=\"w-tabs-section-control\"><\/div><\/button><div  class=\"w-tabs-section-content\" id=\"content-nf99\"><div class=\"w-tabs-section-content-h i-cf\"><div class=\"wpb_text_column\"><div class=\"wpb_wrapper\"><p>Im Agriturismo Corte Aurea wird ein italienisches Fr\u00fchst\u00fcck am Tisch serviert, mit s\u00fc\u00dfen und herzhaften Optionen. Sehr gesch\u00e4tzt von unseren G\u00e4sten f\u00fcr Qualit\u00e4t und Vielfalt.<\/p>\n<\/div><\/div><\/div><\/div><\/div><div class=\"w-tabs-section\" id=\"c1e6\"><button class=\"w-tabs-section-header\" aria-controls=\"content-c1e6\" aria-expanded=\"false\"><div class=\"w-tabs-section-title\">Gibt es einen Pool?<\/div><div class=\"w-tabs-section-control\"><\/div><\/button><div  class=\"w-tabs-section-content\" id=\"content-c1e6\"><div class=\"w-tabs-section-content-h i-cf\"><div class=\"wpb_text_column\"><div class=\"wpb_wrapper\"><p>Ja, der Agriturismo Corte Aurea verf\u00fcgt \u00fcber einen Infinity-Au\u00dfenpool mit Salzwasser und Whirlpool-Kaskaden \u2013 ideal zur Entspannung in der warmen Jahreszeit.<\/p>\n<\/div><\/div><\/div><\/div><\/div><div class=\"w-tabs-section\" id=\"g44a\"><button class=\"w-tabs-section-header\" aria-controls=\"content-g44a\" aria-expanded=\"false\"><div class=\"w-tabs-section-title\">Hat der Agriturismo Corte Aurea einen Parkplatz?<\/div><div class=\"w-tabs-section-control\"><\/div><\/button><div  class=\"w-tabs-section-content\" id=\"content-g44a\"><div class=\"w-tabs-section-content-h i-cf\"><div class=\"wpb_text_column\"><div class=\"wpb_wrapper\"><p class=\"p1\">Ja, der Agriturismo verf\u00fcgt \u00fcber einen gro\u00dfen, kostenlosen Privatparkplatz im Freien.<br \/>\nZus\u00e4tzlich ist auf Anfrage und gegen Geb\u00fchr eine \u00fcberdachte Garage verf\u00fcgbar.<\/p>\n<\/div><\/div><\/div><\/div><\/div><div class=\"w-tabs-section\" id=\"r66c\"><button class=\"w-tabs-section-header\" aria-controls=\"content-r66c\" aria-expanded=\"false\"><div class=\"w-tabs-section-title\">Ist WIFI verf\u00fcgbar?<\/div><div class=\"w-tabs-section-control\"><\/div><\/button><div  class=\"w-tabs-section-content\" id=\"content-r66c\"><div class=\"w-tabs-section-content-h i-cf\"><div class=\"wpb_text_column\"><div class=\"wpb_wrapper\"><p>Ja, WIFI ist kostenlos und in allen Bereichen der Unterkunft verf\u00fcgbar.<\/p>\n<\/div><\/div><\/div><\/div><\/div><\/div><\/div><\/div><\/div><\/div><div class=\"vc_col-sm-6 wpb_column vc_column_container\"><div class=\"vc_column-inner\"><div class=\"wpb_wrapper\"><div class=\"w-tabs style_default switch_click accordion\" style=\"--sections-title-size:inherit\"><div class=\"w-tabs-sections titles-align_none icon_chevron cpos_right\"><div class=\"w-tabs-section\" id=\"y728\"><button class=\"w-tabs-section-header\" aria-controls=\"content-y728\" aria-expanded=\"false\"><div class=\"w-tabs-section-title\">Welche Zimmertypen sind verf\u00fcgbar?<\/div><div class=\"w-tabs-section-control\"><\/div><\/button><div  class=\"w-tabs-section-content\" id=\"content-y728\"><div class=\"w-tabs-section-content-h i-cf\"><div class=\"wpb_text_column\"><div class=\"wpb_wrapper\"><p>Der Agriturismo Corte Aurea bietet verschiedene Unterkunftsarten:<\/p>\n<ul>\n<li>Doppel- oder Zweibettzimmer<\/li>\n<li>Einzelzimmer<\/li>\n<li>Suite<\/li>\n<li>Apartment<\/li>\n<\/ul>\n<\/div><\/div><\/div><\/div><\/div><div class=\"w-tabs-section\" id=\"n95a\"><button class=\"w-tabs-section-header\" aria-controls=\"content-n95a\" aria-expanded=\"false\"><div class=\"w-tabs-section-title\">Sind Haustiere erlaubt?<\/div><div class=\"w-tabs-section-control\"><\/div><\/button><div  class=\"w-tabs-section-content\" id=\"content-n95a\"><div class=\"w-tabs-section-content-h i-cf\"><div class=\"wpb_text_column\"><div class=\"wpb_wrapper\"><p>Ja, Haustiere sind auf Anfrage gestattet. Es wird ein Aufpreis von \u20ac10 pro Tag oder \u20ac35 pro Woche berechnet.<\/p>\n<\/div><\/div><\/div><\/div><\/div><div class=\"w-tabs-section\" id=\"ibeb\"><button class=\"w-tabs-section-header\" aria-controls=\"content-ibeb\" aria-expanded=\"false\"><div class=\"w-tabs-section-title\">Wie sind die Check-in- und Check-out-Zeiten?<\/div><div class=\"w-tabs-section-control\"><\/div><\/button><div  class=\"w-tabs-section-content\" id=\"content-ibeb\"><div class=\"w-tabs-section-content-h i-cf\"><div class=\"wpb_text_column\"><div class=\"wpb_wrapper\"><p>Check-in: von 14:30 bis 19:30 Uhr<br \/>\nCheck-out: bis sp\u00e4testens 11:00 Uhr<\/p>\n<\/div><\/div><\/div><\/div><\/div><div class=\"w-tabs-section\" id=\"ge1d\"><button class=\"w-tabs-section-header\" aria-controls=\"content-ge1d\" aria-expanded=\"false\"><div class=\"w-tabs-section-title\">Wie weit ist der Agriturismo Corte Aurea vom Zentrum von Desenzano del Garda entfernt?<\/div><div class=\"w-tabs-section-control\"><\/div><\/button><div  class=\"w-tabs-section-content\" id=\"content-ge1d\"><div class=\"w-tabs-section-content-h i-cf\"><div class=\"wpb_text_column\"><div class=\"wpb_wrapper\"><p>Der Agriturismo Corte Aurea liegt etwa 4 km vom Zentrum von Desenzano del Garda entfernt, in einer ruhigen, gr\u00fcnen Gegend am Fu\u00dfe der H\u00fcgel.<\/p>\n<\/div><\/div><\/div><\/div><\/div><\/div><\/div><\/div><\/div><\/div><\/div><\/div><\/div><\/div><\/div><\/div><\/section>\n","protected":false},"excerpt":{"rendered":"[rev_slider_vc alias=&#8220;home&#8220;] Corte Aurea Agriturismo B&amp;B Desenzano del Garda. Der Agriturismo Corte Aurea liegt 3 km vom Zentrum von Desenzano del Garda entfernt, in einer ruhigen, gr\u00fcnen H\u00fcgellandschaft. Er pr\u00e4sentiert sich mit der typischen Architektur alter Bauernh\u00f6fe, um einen bl\u00fchenden Innenhof angeordnet, in dessen Mitte sich der Infinity-Pool mit Meerwasser-Whirlpool befindet. Umgeben von Blumen, \u00fcber...","protected":false},"author":1,"featured_media":0,"parent":0,"menu_order":0,"comment_status":"closed","ping_status":"closed","template":"","meta":{"inline_featured_image":false,"footnotes":""},"class_list":["post-690","page","type-page","status-publish","hentry"],"yoast_head":"<!-- This site is optimized with the Yoast SEO plugin v27.4 - https:\/\/yoast.com\/product\/yoast-seo-wordpress\/ -->\n<title>Agriturismo Corte Aurea Desenzano | Offizielle Website -12%<\/title>\n<meta name=\"description\" content=\"Offizielle Website des Agriturismo Corte Aurea Desenzano del Garda. Sie sparen immer 12%. Auch jetzt.\" \/>\n<meta name=\"robots\" content=\"index, follow, max-snippet:-1, max-image-preview:large, max-video-preview:-1\" \/>\n<link rel=\"canonical\" href=\"https:\/\/www.agriturismocorteaurea.it\/de\/\" \/>\n<meta property=\"og:locale\" content=\"de_DE\" \/>\n<meta property=\"og:type\" content=\"article\" \/>\n<meta property=\"og:title\" content=\"Agriturismo Corte Aurea Desenzano | Offizielle Website -12%\" \/>\n<meta property=\"og:description\" content=\"Offizielle Website des Agriturismo Corte Aurea Desenzano del Garda. Sie sparen immer 12%. Auch jetzt.\" \/>\n<meta property=\"og:url\" content=\"https:\/\/www.agriturismocorteaurea.it\/de\/\" \/>\n<meta property=\"og:site_name\" content=\"Agriturismo Corte Aurea\" \/>\n<meta property=\"article:modified_time\" content=\"2025-09-17T13:04:53+00:00\" \/>\n<meta name=\"twitter:card\" content=\"summary_large_image\" \/>\n<meta name=\"twitter:label1\" content=\"Gesch\u00e4tzte Lesezeit\" \/>\n\t<meta name=\"twitter:data1\" content=\"4\u00a0Minuten\" \/>\n<script type=\"application\/ld+json\" class=\"yoast-schema-graph\">{\"@context\":\"https:\\\/\\\/schema.org\",\"@graph\":[{\"@type\":\"WebPage\",\"@id\":\"https:\\\/\\\/www.agriturismocorteaurea.it\\\/de\\\/\",\"url\":\"https:\\\/\\\/www.agriturismocorteaurea.it\\\/de\\\/\",\"name\":\"Agriturismo Corte Aurea Desenzano | Offizielle Website -12%\",\"isPartOf\":{\"@id\":\"https:\\\/\\\/www.agriturismocorteaurea.it\\\/#website\"},\"datePublished\":\"2017-09-02T13:57:34+00:00\",\"dateModified\":\"2025-09-17T13:04:53+00:00\",\"description\":\"Offizielle Website des Agriturismo Corte Aurea Desenzano del Garda. Sie sparen immer 12%. Auch jetzt.\",\"breadcrumb\":{\"@id\":\"https:\\\/\\\/www.agriturismocorteaurea.it\\\/de\\\/#breadcrumb\"},\"inLanguage\":\"de\",\"potentialAction\":[{\"@type\":\"ReadAction\",\"target\":[\"https:\\\/\\\/www.agriturismocorteaurea.it\\\/de\\\/\"]}]},{\"@type\":\"BreadcrumbList\",\"@id\":\"https:\\\/\\\/www.agriturismocorteaurea.it\\\/de\\\/#breadcrumb\",\"itemListElement\":[{\"@type\":\"ListItem\",\"position\":1,\"name\":\"Home\",\"item\":\"https:\\\/\\\/www.agriturismocorteaurea.it\\\/de\\\/\"},{\"@type\":\"ListItem\",\"position\":2,\"name\":\"Agriturismo Desenzano del Garda\"}]},{\"@type\":\"WebSite\",\"@id\":\"https:\\\/\\\/www.agriturismocorteaurea.it\\\/#website\",\"url\":\"https:\\\/\\\/www.agriturismocorteaurea.it\\\/\",\"name\":\"Agriturismo Corte Aurea\",\"description\":\"Agriturismo Corte Aurea\",\"potentialAction\":[{\"@type\":\"SearchAction\",\"target\":{\"@type\":\"EntryPoint\",\"urlTemplate\":\"https:\\\/\\\/www.agriturismocorteaurea.it\\\/?s={search_term_string}\"},\"query-input\":{\"@type\":\"PropertyValueSpecification\",\"valueRequired\":true,\"valueName\":\"search_term_string\"}}],\"inLanguage\":\"de\"}]}<\/script>\n<!-- \/ Yoast SEO plugin. -->","yoast_head_json":{"title":"Agriturismo Corte Aurea Desenzano | Offizielle Website -12%","description":"Offizielle Website des Agriturismo Corte Aurea Desenzano del Garda. Sie sparen immer 12%. Auch jetzt.","robots":{"index":"index","follow":"follow","max-snippet":"max-snippet:-1","max-image-preview":"max-image-preview:large","max-video-preview":"max-video-preview:-1"},"canonical":"https:\/\/www.agriturismocorteaurea.it\/de\/","og_locale":"de_DE","og_type":"article","og_title":"Agriturismo Corte Aurea Desenzano | Offizielle Website -12%","og_description":"Offizielle Website des Agriturismo Corte Aurea Desenzano del Garda. Sie sparen immer 12%. Auch jetzt.","og_url":"https:\/\/www.agriturismocorteaurea.it\/de\/","og_site_name":"Agriturismo Corte Aurea","article_modified_time":"2025-09-17T13:04:53+00:00","twitter_card":"summary_large_image","twitter_misc":{"Gesch\u00e4tzte Lesezeit":"4\u00a0Minuten"},"schema":{"@context":"https:\/\/schema.org","@graph":[{"@type":"WebPage","@id":"https:\/\/www.agriturismocorteaurea.it\/de\/","url":"https:\/\/www.agriturismocorteaurea.it\/de\/","name":"Agriturismo Corte Aurea Desenzano | Offizielle Website -12%","isPartOf":{"@id":"https:\/\/www.agriturismocorteaurea.it\/#website"},"datePublished":"2017-09-02T13:57:34+00:00","dateModified":"2025-09-17T13:04:53+00:00","description":"Offizielle Website des Agriturismo Corte Aurea Desenzano del Garda. Sie sparen immer 12%. Auch jetzt.","breadcrumb":{"@id":"https:\/\/www.agriturismocorteaurea.it\/de\/#breadcrumb"},"inLanguage":"de","potentialAction":[{"@type":"ReadAction","target":["https:\/\/www.agriturismocorteaurea.it\/de\/"]}]},{"@type":"BreadcrumbList","@id":"https:\/\/www.agriturismocorteaurea.it\/de\/#breadcrumb","itemListElement":[{"@type":"ListItem","position":1,"name":"Home","item":"https:\/\/www.agriturismocorteaurea.it\/de\/"},{"@type":"ListItem","position":2,"name":"Agriturismo Desenzano del Garda"}]},{"@type":"WebSite","@id":"https:\/\/www.agriturismocorteaurea.it\/#website","url":"https:\/\/www.agriturismocorteaurea.it\/","name":"Agriturismo Corte Aurea","description":"Agriturismo Corte Aurea","potentialAction":[{"@type":"SearchAction","target":{"@type":"EntryPoint","urlTemplate":"https:\/\/www.agriturismocorteaurea.it\/?s={search_term_string}"},"query-input":{"@type":"PropertyValueSpecification","valueRequired":true,"valueName":"search_term_string"}}],"inLanguage":"de"}]}},"_links":{"self":[{"href":"https:\/\/www.agriturismocorteaurea.it\/de\/wp-json\/wp\/v2\/pages\/690","targetHints":{"allow":["GET"]}}],"collection":[{"href":"https:\/\/www.agriturismocorteaurea.it\/de\/wp-json\/wp\/v2\/pages"}],"about":[{"href":"https:\/\/www.agriturismocorteaurea.it\/de\/wp-json\/wp\/v2\/types\/page"}],"author":[{"embeddable":true,"href":"https:\/\/www.agriturismocorteaurea.it\/de\/wp-json\/wp\/v2\/users\/1"}],"replies":[{"embeddable":true,"href":"https:\/\/www.agriturismocorteaurea.it\/de\/wp-json\/wp\/v2\/comments?post=690"}],"version-history":[{"count":32,"href":"https:\/\/www.agriturismocorteaurea.it\/de\/wp-json\/wp\/v2\/pages\/690\/revisions"}],"predecessor-version":[{"id":2264,"href":"https:\/\/www.agriturismocorteaurea.it\/de\/wp-json\/wp\/v2\/pages\/690\/revisions\/2264"}],"wp:attachment":[{"href":"https:\/\/www.agriturismocorteaurea.it\/de\/wp-json\/wp\/v2\/media?parent=690"}],"curies":[{"name":"wp","href":"https:\/\/api.w.org\/{rel}","templated":true}]}}