{"id":684,"date":"2017-09-02T15:26:40","date_gmt":"2017-09-02T13:26:40","guid":{"rendered":"https:\/\/www.agriturismocorteaurea.it\/?page_id=684\/"},"modified":"2025-09-17T15:01:23","modified_gmt":"2025-09-17T13:01:23","slug":"leistungen","status":"publish","type":"page","link":"https:\/\/www.agriturismocorteaurea.it\/de\/leistungen\/","title":{"rendered":"Leistungen"},"content":{"rendered":"<section class=\"l-section wpb_row height_medium\"><div class=\"l-section-h i-cf\"><div class=\"g-cols vc_row via_flex valign_top type_default stacking_default\"><div class=\"vc_col-sm-12 wpb_column vc_column_container\"><div class=\"vc_column-inner\"><div class=\"wpb_wrapper\"><div class=\"w-separator size_medium\"><\/div><div class=\"wpb_text_column\"><div class=\"wpb_wrapper\"><h1 style=\"text-align: center;\">Bedingungen<\/h1>\n<h3 style=\"text-align: center;\">&#8222;direct Booking plus&#8220;<\/h3>\n<\/div><\/div><\/div><\/div><\/div><\/div><\/div><\/section><section class=\"l-section wpb_row height_medium\"><div class=\"l-section-h i-cf\"><div class=\"g-cols vc_row via_flex valign_top type_default stacking_default\"><div class=\"vc_col-sm-2 wpb_column vc_column_container\"><div class=\"vc_column-inner\"><div class=\"wpb_wrapper\"><div class=\"ult-spacer spacer-69ecde6ad5499\" data-id=\"69ecde6ad5499\" data-height=\"10\" data-height-mobile=\"10\" data-height-tab=\"10\" data-height-tab-portrait=\"10\" data-height-mobile-landscape=\"10\" style=\"clear:both;display:block;\"><\/div><\/div><\/div><\/div><div class=\"vc_col-sm-8 wpb_column vc_column_container\"><div class=\"vc_column-inner\"><div class=\"wpb_wrapper\"><div class=\"g-cols wpb_row via_flex valign_top type_default stacking_default\"><div class=\"vc_col-sm-3 wpb_column vc_column_container\"><div class=\"vc_column-inner\"><div class=\"wpb_wrapper\"><div class=\"wpb_text_column\"><div class=\"wpb_wrapper\"><h3><span class=\"grosso verde big\">Wie<br \/>\nfunktioniert es?<\/span><\/h3>\n<\/div><\/div><\/div><\/div><\/div><div class=\"vc_col-sm-9 wpb_column vc_column_container\"><div class=\"vc_column-inner\"><div class=\"wpb_wrapper\"><div class=\"wpb_text_column giustifica\"><div class=\"wpb_wrapper\"><p class=\"p1\"><strong>Direct Booking Plus<\/strong> ist die Buchungsoption, die ausschlie\u00dflich f\u00fcr Reservierungen \u00fcber die offizielle Website agriturismocorteaurea.it verf\u00fcgbar ist. Sie bietet einen Rabatt von <strong>12 %<\/strong> im Vergleich zu allen anderen Buchungsdiensten. G\u00fcltig das ganze Jahr \u00fcber \u2013 um davon zu profitieren, buchen Sie einfach direkt \u00fcber diese Website.<\/p>\n<\/div><\/div><\/div><\/div><\/div><\/div><\/div><\/div><\/div><div class=\"vc_col-sm-2 wpb_column vc_column_container\"><div class=\"vc_column-inner\"><div class=\"wpb_wrapper\"><div class=\"ult-spacer spacer-69ecde6ad64d1\" data-id=\"69ecde6ad64d1\" data-height=\"10\" data-height-mobile=\"10\" data-height-tab=\"10\" data-height-tab-portrait=\"10\" data-height-mobile-landscape=\"10\" style=\"clear:both;display:block;\"><\/div><\/div><\/div><\/div><\/div><\/div><\/section><section class=\"l-section wpb_row us_custom_72fc42ef height_auto\"><div class=\"l-section-h i-cf\"><div class=\"g-cols vc_row via_flex valign_bottom type_default stacking_default\"><div class=\"vc_col-sm-12 wpb_column vc_column_container\"><div class=\"vc_column-inner\"><div class=\"wpb_wrapper\"><div class=\"wpb_text_column\"><div class=\"wpb_wrapper\"><h2 style=\"text-align: center;\"><strong>Alles, was Sie vor der<\/strong><br \/>\n<strong>Buchung wissen sollten<\/strong><\/h2>\n<\/div><\/div><\/div><\/div><\/div><\/div><\/div><\/section><section class=\"l-section wpb_row us_custom_6217dcc9 height_medium\"><div class=\"l-section-h i-cf\"><div class=\"g-cols vc_row via_flex valign_top type_default stacking_default\"><div class=\"vc_col-sm-12 wpb_column vc_column_container\"><div class=\"vc_column-inner\"><div class=\"wpb_wrapper\"><div class=\"g-cols wpb_row via_flex valign_top type_boxes stacking_default\"><div class=\"vc_col-sm-6 wpb_column vc_column_container\"><div class=\"vc_column-inner\"><div class=\"wpb_wrapper\"><div class=\"wpb_text_column giustifica\"><div class=\"wpb_wrapper\"><h3>Wann bezahle ich?<\/h3>\n<\/div><\/div><div class=\"wpb_text_column giustifica\"><div class=\"wpb_wrapper\"><p class=\"p1\">Die Zahlungsbedingungen sind immer in den Details des gew\u00e4hlten Tarifs angegeben. Sie k\u00f6nnen einen Tarif mit Zahlung beim Check-out w\u00e4hlen, ohne Anzahlung und mit flexibler Stornierung, oder sich f\u00fcr g\u00fcnstigere, nicht erstattbare Prepaid-Tarife entscheiden.<\/p>\n<\/div><\/div><\/div><\/div><\/div><div class=\"vc_col-sm-6 wpb_column vc_column_container\"><div class=\"vc_column-inner\"><div class=\"wpb_wrapper\"><div class=\"wpb_text_column giustifica\"><div class=\"wpb_wrapper\"><p class=\"p1\"><b>Welche Leistungen sind inbegriffen?<\/b><b><\/b><\/p>\n<\/div><\/div><div class=\"wpb_text_column giustifica\"><div class=\"wpb_wrapper\"><p class=\"p1\">Fr\u00fchst\u00fcck (au\u00dfer in den Apartments), WLAN in der gesamten Anlage, W\u00e4schewechsel, Zugang zum Pool, Klimaanlage und Heizung sind immer im Preis enthalten.<\/p>\n<p><strong>* Kurtaxe: <\/strong>kostenlos f\u00fcr Kinder bis 14 Jahre, \u20ac1,50 pro Tag f\u00fcr G\u00e4ste \u00fcber 14 Jahre. Menschen mit Behinderungen, Begleitpersonen, Busfahrer und Reiseleiter sind befreit.<\/p>\n<p>* Die Kurtaxe ist nicht im angezeigten Preis enthalten.<\/p>\n<\/div><\/div><\/div><\/div><\/div><\/div><\/div><\/div><\/div><\/div><\/div><\/section><section class=\"l-section wpb_row height_auto\"><div class=\"l-section-h i-cf\"><div class=\"g-cols vc_row via_flex valign_top type_boxes stacking_default\"><div class=\"vc_col-sm-6 wpb_column vc_column_container\"><div class=\"vc_column-inner\"><div class=\"wpb_wrapper\"><div class=\"wpb_text_column\"><div class=\"wpb_wrapper\"><h3>Dienstleistungen Corte Aurea<\/h3>\n<ul>\n<li>Sonnenterrassen<\/li>\n<li>\u00dcberwachungssystem<\/li>\n<li>24-Stunden-Zugang mit elektronischem Badge<\/li>\n<li>Parkplatz im Freien<\/li>\n<li>Salzwasserpool mit Hydromassage<\/li>\n<li>Sonnengarten<\/li>\n<\/ul>\n<\/div><\/div><div class=\"wpb_text_column\"><div class=\"wpb_wrapper\"><h3>Kostenpflichtige Dienstleistungen<\/h3>\n<ul>\n<li>Haustiere erlaubt<\/li>\n<li>\u00dcberdachte Garage<\/li>\n<li>Zustellbett<\/li>\n<li>Fahrradverleih<\/li>\n<\/ul>\n<\/div><\/div><\/div><\/div><\/div><div class=\"vc_col-sm-6 wpb_column vc_column_container\"><div class=\"vc_column-inner\"><div class=\"wpb_wrapper\"><div class=\"wpb_text_column\"><div class=\"wpb_wrapper\"><h3>Zimmerausstattung<\/h3>\n<ul>\n<li>Schallisolierung<\/li>\n<li>Kofferablage<\/li>\n<li>Heizung<\/li>\n<li>Orthop\u00e4dische, antiallergische Kingsize-Betten<\/li>\n<li>29\u201d-LED-TV mit Digitalempfang<\/li>\n<li>Klimaanlage<\/li>\n<li>Minibar im Zimmer<\/li>\n<li>Safe<\/li>\n<li>Internet WiFi<\/li>\n<li>Weckdienst<\/li>\n<\/ul>\n<\/div><\/div><div class=\"w-btn-wrapper align_none\"><a class=\"w-btn us-btn-style_4 us_custom_80a192e9\" href=\"https:\/\/www.agriturismocorteaurea.it\/de\/zimmer-und-ferienwohnungen\/\"><span class=\"w-btn-label\">Zu den Zimmern<\/span><\/a><\/div><\/div><\/div><\/div><\/div><\/div><\/section><section class=\"l-section wpb_row height_medium\"><div class=\"l-section-h i-cf\"><div class=\"g-cols vc_row via_flex valign_top type_default stacking_default\"><div class=\"vc_col-sm-12 wpb_column vc_column_container\"><div class=\"vc_column-inner\"><div class=\"wpb_wrapper\"><h3 class=\"w-text us_custom_eb849559\"><span class=\"w-text-h\"><span class=\"w-text-value\">N\u00fctzliche Informationen f\u00fcr Ihren Aufenthalt<\/span><\/span><\/h3><div class=\"w-separator size_medium\"><\/div><div class=\"g-cols wpb_row via_flex valign_top type_default stacking_default\"><div class=\"vc_col-sm-6 wpb_column vc_column_container\"><div class=\"vc_column-inner\"><div class=\"wpb_wrapper\"><div class=\"w-tabs style_default switch_click accordion\" style=\"--sections-title-size:inherit\"><div class=\"w-tabs-sections titles-align_none icon_chevron cpos_right\"><div class=\"w-tabs-section active\" id=\"ea22\"><button class=\"w-tabs-section-header active with_icon\" aria-controls=\"content-ea22\" aria-expanded=\"true\"><i class=\"fas fa-info-circle\"><\/i><div class=\"w-tabs-section-title\">Wann sind Check-in und Check-out?<\/div><div class=\"w-tabs-section-control\"><\/div><\/button><div  class=\"w-tabs-section-content\" id=\"content-ea22\"><div class=\"w-tabs-section-content-h i-cf\"><div class=\"wpb_text_column\"><div class=\"wpb_wrapper\"><p>Check-in: 14:30 \u2013 19:30 Uhr<br \/>\nCheck-out: bis 11:00 Uhr<\/p>\n<\/div><\/div><\/div><\/div><\/div><div class=\"w-tabs-section\" id=\"nc7c\"><button class=\"w-tabs-section-header\" aria-controls=\"content-nc7c\" aria-expanded=\"false\"><div class=\"w-tabs-section-title\">Haben die Zimmer ein eigenes Bad?<\/div><div class=\"w-tabs-section-control\"><\/div><\/button><div  class=\"w-tabs-section-content\" id=\"content-nc7c\"><div class=\"w-tabs-section-content-h i-cf\"><div class=\"wpb_text_column\"><div class=\"wpb_wrapper\"><p class=\"p1\">Ja, alle Unterk\u00fcnfte verf\u00fcgen \u00fcber ein eigenes Bad. Um Verf\u00fcgbarkeit und spezifische Services zu pr\u00fcfen, empfehlen wir die Auswahl der Reisedaten auf der offiziellen Website.<\/p>\n<\/div><\/div><\/div><\/div><\/div><div class=\"w-tabs-section\" id=\"sf1a\"><button class=\"w-tabs-section-header\" aria-controls=\"content-sf1a\" aria-expanded=\"false\"><div class=\"w-tabs-section-title\">Welche Zimmertypen sind verf\u00fcgbar?<\/div><div class=\"w-tabs-section-control\"><\/div><\/button><div  class=\"w-tabs-section-content\" id=\"content-sf1a\"><div class=\"w-tabs-section-content-h i-cf\"><div class=\"wpb_text_column\"><div class=\"wpb_wrapper\"><ul>\n<li class=\"p1\">Doppelzimmer oder Zweibettzimmer<\/li>\n<li class=\"p1\">Einzelzimmer<\/li>\n<li class=\"p1\">Suite<\/li>\n<li class=\"p1\">Apartment<\/li>\n<\/ul>\n<\/div><\/div><\/div><\/div><\/div><div class=\"w-tabs-section\" id=\"w169\"><button class=\"w-tabs-section-header\" aria-controls=\"content-w169\" aria-expanded=\"false\"><div class=\"w-tabs-section-title\">Sind Haustiere erlaubt?<\/div><div class=\"w-tabs-section-control\"><\/div><\/button><div  class=\"w-tabs-section-content\" id=\"content-w169\"><div class=\"w-tabs-section-content-h i-cf\"><div class=\"wpb_text_column\"><div class=\"wpb_wrapper\"><p class=\"p1\">Ja, Haustiere sind auf Anfrage erlaubt. Es f\u00e4llt eine zus\u00e4tzliche Geb\u00fchr von \u20ac10 pro Tag oder \u20ac35 pro Woche an.<\/p>\n<\/div><\/div><\/div><\/div><\/div><div class=\"w-tabs-section\" id=\"m3a0\"><button class=\"w-tabs-section-header\" aria-controls=\"content-m3a0\" aria-expanded=\"false\"><div class=\"w-tabs-section-title\">Gibt es im Agriturismo Corte Aurea ein Restaurant?<\/div><div class=\"w-tabs-section-control\"><\/div><\/button><div  class=\"w-tabs-section-content\" id=\"content-m3a0\"><div class=\"w-tabs-section-content-h i-cf\"><div class=\"wpb_text_column\"><div class=\"wpb_wrapper\"><p class=\"p1\">Nein, es gibt kein Restaurant in der Unterkunft.<\/p>\n<\/div><\/div><\/div><\/div><\/div><div class=\"w-tabs-section\" id=\"q63f\"><button class=\"w-tabs-section-header\" aria-controls=\"content-q63f\" aria-expanded=\"false\"><div class=\"w-tabs-section-title\">Welche Art von Fr\u00fchst\u00fcck wird serviert?<\/div><div class=\"w-tabs-section-control\"><\/div><\/button><div  class=\"w-tabs-section-content\" id=\"content-q63f\"><div class=\"w-tabs-section-content-h i-cf\"><div class=\"wpb_text_column\"><div class=\"wpb_wrapper\"><p class=\"p1\">Ein klassisches italienisches Fr\u00fchst\u00fcck, am Tisch serviert, mit s\u00fc\u00dfen und herzhaften Angeboten. Sehr gesch\u00e4tzt von den G\u00e4sten f\u00fcr Qualit\u00e4t und Vielfalt.<\/p>\n<\/div><\/div><\/div><\/div><\/div><div class=\"w-tabs-section\" id=\"u8b5\"><button class=\"w-tabs-section-header\" aria-controls=\"content-u8b5\" aria-expanded=\"false\"><div class=\"w-tabs-section-title\">Gibt es einen Flughafentransfer?<\/div><div class=\"w-tabs-section-control\"><\/div><\/button><div  class=\"w-tabs-section-content\" id=\"content-u8b5\"><div class=\"w-tabs-section-content-h i-cf\"><div class=\"wpb_text_column\"><div class=\"wpb_wrapper\"><p class=\"p1\">Nein, ein Flughafenshuttle wird nicht angeboten.<\/p>\n<\/div><\/div><\/div><\/div><\/div><div class=\"w-tabs-section\" id=\"zaf9\"><button class=\"w-tabs-section-header\" aria-controls=\"content-zaf9\" aria-expanded=\"false\"><div class=\"w-tabs-section-title\">Gibt es ein Fitnessstudio?<\/div><div class=\"w-tabs-section-control\"><\/div><\/button><div  class=\"w-tabs-section-content\" id=\"content-zaf9\"><div class=\"w-tabs-section-content-h i-cf\"><div class=\"wpb_text_column\"><div class=\"wpb_wrapper\"><p class=\"p1\">Nein, es gibt kein Fitnessstudio oder Fitnessbereich.<\/p>\n<\/div><\/div><\/div><\/div><\/div><\/div><\/div><\/div><\/div><\/div><div class=\"vc_col-sm-6 wpb_column vc_column_container\"><div class=\"vc_column-inner\"><div class=\"wpb_wrapper\"><div class=\"w-tabs style_default switch_click accordion\" style=\"--sections-title-size:inherit\"><div class=\"w-tabs-sections titles-align_none icon_chevron cpos_right\"><div class=\"w-tabs-section\" id=\"k971\"><button class=\"w-tabs-section-header\" aria-controls=\"content-k971\" aria-expanded=\"false\"><div class=\"w-tabs-section-title\">Welche Vorteile bietet die Direktbuchung?<\/div><div class=\"w-tabs-section-control\"><\/div><\/button><div  class=\"w-tabs-section-content\" id=\"content-k971\"><div class=\"w-tabs-section-content-h i-cf\"><div class=\"wpb_text_column\"><div class=\"wpb_wrapper\"><ul>\n<li class=\"p1\">Bestpreisgarantie<\/li>\n<li class=\"p1\">Kostenlose Stornierung<\/li>\n<li class=\"p1\">Exklusive Angebote<\/li>\n<\/ul>\n<\/div><\/div><\/div><\/div><\/div><div class=\"w-tabs-section\" id=\"nbeb\"><button class=\"w-tabs-section-header\" aria-controls=\"content-nbeb\" aria-expanded=\"false\"><div class=\"w-tabs-section-title\">Gibt es Ruhezeiten?<\/div><div class=\"w-tabs-section-control\"><\/div><\/button><div  class=\"w-tabs-section-content\" id=\"content-nbeb\"><div class=\"w-tabs-section-content-h i-cf\"><div class=\"wpb_text_column\"><div class=\"wpb_wrapper\"><p class=\"p1\">Ja, um maximale Entspannung zu gew\u00e4hrleisten, gilt Nachtruhe von 23:00 bis 7:00 Uhr.<\/p>\n<\/div><\/div><\/div><\/div><\/div><div class=\"w-tabs-section\" id=\"ee33\"><button class=\"w-tabs-section-header\" aria-controls=\"content-ee33\" aria-expanded=\"false\"><div class=\"w-tabs-section-title\">Gibt es eine Kurtaxe oder weitere Zusatzkosten?<\/div><div class=\"w-tabs-section-control\"><\/div><\/button><div  class=\"w-tabs-section-content\" id=\"content-ee33\"><div class=\"w-tabs-section-content-h i-cf\"><div class=\"wpb_text_column\"><div class=\"wpb_wrapper\"><p class=\"p1\">Ja, die Kurtaxe der Gemeinde Desenzano del Garda betr\u00e4gt \u20ac1,50 pro Erwachsenem und Tag.<\/p>\n<\/div><\/div><\/div><\/div><\/div><div class=\"w-tabs-section\" id=\"g0ac\"><button class=\"w-tabs-section-header\" aria-controls=\"content-g0ac\" aria-expanded=\"false\"><div class=\"w-tabs-section-title\">Gibt es einen Pool?<\/div><div class=\"w-tabs-section-control\"><\/div><\/button><div  class=\"w-tabs-section-content\" id=\"content-g0ac\"><div class=\"w-tabs-section-content-h i-cf\"><div class=\"wpb_text_column\"><div class=\"wpb_wrapper\"><p class=\"p1\">Ja, es gibt einen Infinity-Au\u00dfenpool mit Salzwasser und Hydromassage-Wasserf\u00e4llen \u2013 perfekt zum Entspannen in der Sommersaison.<\/p>\n<\/div><\/div><\/div><\/div><\/div><div class=\"w-tabs-section\" id=\"w305\"><button class=\"w-tabs-section-header\" aria-controls=\"content-w305\" aria-expanded=\"false\"><div class=\"w-tabs-section-title\">Hat Agriturismo Corte Aurea Parkpl\u00e4tze?<\/div><div class=\"w-tabs-section-control\"><\/div><\/button><div  class=\"w-tabs-section-content\" id=\"content-w305\"><div class=\"w-tabs-section-content-h i-cf\"><div class=\"wpb_text_column\"><div class=\"wpb_wrapper\"><p class=\"p1\">Ja, es gibt einen gro\u00dfen kostenlosen Privatparkplatz im Freien. Eine \u00fcberdachte Garage ist auf Anfrage und gegen Geb\u00fchr verf\u00fcgbar.<\/p>\n<\/div><\/div><\/div><\/div><\/div><div class=\"w-tabs-section\" id=\"b55a\"><button class=\"w-tabs-section-header\" aria-controls=\"content-b55a\" aria-expanded=\"false\"><div class=\"w-tabs-section-title\">Gibt es  Wi-Fi?<\/div><div class=\"w-tabs-section-control\"><\/div><\/button><div  class=\"w-tabs-section-content\" id=\"content-b55a\"><div class=\"w-tabs-section-content-h i-cf\"><div class=\"wpb_text_column\"><div class=\"wpb_wrapper\"><p class=\"p1\">Ja, kostenloses WI-FI in allen Bereichen der Unterkunft.<\/p>\n<\/div><\/div><\/div><\/div><\/div><div class=\"w-tabs-section\" id=\"e7ac\"><button class=\"w-tabs-section-header\" aria-controls=\"content-e7ac\" aria-expanded=\"false\"><div class=\"w-tabs-section-title\">Gibt es ein Spa oder Wellnesscenter?<\/div><div class=\"w-tabs-section-control\"><\/div><\/button><div  class=\"w-tabs-section-content\" id=\"content-e7ac\"><div class=\"w-tabs-section-content-h i-cf\"><div class=\"wpb_text_column\"><div class=\"wpb_wrapper\"><p class=\"p1\">Nein, die Unterkunft verf\u00fcgt nicht \u00fcber ein Spa oder Wellnesscenter.<\/p>\n<\/div><\/div><\/div><\/div><\/div><div class=\"w-tabs-section\" id=\"oa6d\"><button class=\"w-tabs-section-header\" aria-controls=\"content-oa6d\" aria-expanded=\"false\"><div class=\"w-tabs-section-title\">Bietet Agriturismo Corte Aurea Freizeit- oder Entspannungsbereiche?<\/div><div class=\"w-tabs-section-control\"><\/div><\/button><div  class=\"w-tabs-section-content\" id=\"content-oa6d\"><div class=\"w-tabs-section-content-h i-cf\"><div class=\"wpb_text_column\"><div class=\"wpb_wrapper\"><p class=\"p1\">Ja, die Unterkunft bietet:<\/p>\n<ul>\n<li class=\"p1\">Pool mit Hydromassage-Wasserf\u00e4llen<\/li>\n<li class=\"p1\">Sonnenterrassen<\/li>\n<li class=\"p1\">Sonneng\u00e4rten<\/li>\n<li class=\"p1\">Kinderspielpl\u00e4tze<\/li>\n<\/ul>\n<\/div><\/div><\/div><\/div><\/div><div class=\"w-tabs-section\" id=\"fcb4\"><button class=\"w-tabs-section-header\" aria-controls=\"content-fcb4\" aria-expanded=\"false\"><div class=\"w-tabs-section-title\">Wie weit ist das Agriturismo Corte Aurea vom Zentrum von Desenzano del Garda entfernt?<\/div><div class=\"w-tabs-section-control\"><\/div><\/button><div  class=\"w-tabs-section-content\" id=\"content-fcb4\"><div class=\"w-tabs-section-content-h i-cf\"><div class=\"wpb_text_column\"><div class=\"wpb_wrapper\"><p class=\"p1\">Die Unterkunft liegt etwa 4 km vom Zentrum von Desenzano del Garda entfernt, in einer ruhigen, gr\u00fcnen Umgebung am Fu\u00dfe der H\u00fcgel.<\/p>\n<\/div><\/div><\/div><\/div><\/div><\/div><\/div><\/div><\/div><\/div><\/div><\/div><\/div><\/div><\/div><\/div><\/section>\n","protected":false},"excerpt":{"rendered":"Bedingungen &#8222;direct Booking plus&#8220; Wie funktioniert es? Direct Booking Plus ist die Buchungsoption, die ausschlie\u00dflich f\u00fcr Reservierungen \u00fcber die offizielle Website agriturismocorteaurea.it verf\u00fcgbar ist. Sie bietet einen Rabatt von 12 % im Vergleich zu allen anderen Buchungsdiensten. G\u00fcltig das ganze Jahr \u00fcber \u2013 um davon zu profitieren, buchen Sie einfach direkt \u00fcber diese Website. Alles,...","protected":false},"author":1,"featured_media":0,"parent":0,"menu_order":0,"comment_status":"closed","ping_status":"closed","template":"","meta":{"inline_featured_image":false,"footnotes":""},"class_list":["post-684","page","type-page","status-publish","hentry"],"yoast_head":"<!-- This site is optimized with the Yoast SEO plugin v27.4 - https:\/\/yoast.com\/product\/yoast-seo-wordpress\/ -->\n<title>Agriturismo Corte Aurea Desenzano del Garda | Dienstleistungen<\/title>\n<meta name=\"description\" content=\"Entdecken Sie alle G\u00e4ste-Services im Agriturismo Corte Aurea in Desenzano del Garda. Suiten, Zimmer und Ferienwohnungen in einem charmanten Landhaus mit Pool.\" \/>\n<meta name=\"robots\" content=\"index, follow, max-snippet:-1, max-image-preview:large, max-video-preview:-1\" \/>\n<link rel=\"canonical\" href=\"https:\/\/www.agriturismocorteaurea.it\/de\/leistungen\/\" \/>\n<meta property=\"og:locale\" content=\"de_DE\" \/>\n<meta property=\"og:type\" content=\"article\" \/>\n<meta property=\"og:title\" content=\"Agriturismo Corte Aurea Desenzano del Garda | Dienstleistungen\" \/>\n<meta property=\"og:description\" content=\"Entdecken Sie alle G\u00e4ste-Services im Agriturismo Corte Aurea in Desenzano del Garda. Suiten, Zimmer und Ferienwohnungen in einem charmanten Landhaus mit Pool.\" \/>\n<meta property=\"og:url\" content=\"https:\/\/www.agriturismocorteaurea.it\/de\/leistungen\/\" \/>\n<meta property=\"og:site_name\" content=\"Agriturismo Corte Aurea\" \/>\n<meta property=\"article:modified_time\" content=\"2025-09-17T13:01:23+00:00\" \/>\n<meta name=\"twitter:card\" content=\"summary_large_image\" \/>\n<meta name=\"twitter:label1\" content=\"Gesch\u00e4tzte Lesezeit\" \/>\n\t<meta name=\"twitter:data1\" content=\"4\u00a0Minuten\" \/>\n<script type=\"application\/ld+json\" class=\"yoast-schema-graph\">{\"@context\":\"https:\\\/\\\/schema.org\",\"@graph\":[{\"@type\":\"WebPage\",\"@id\":\"https:\\\/\\\/www.agriturismocorteaurea.it\\\/de\\\/leistungen\\\/\",\"url\":\"https:\\\/\\\/www.agriturismocorteaurea.it\\\/de\\\/leistungen\\\/\",\"name\":\"Agriturismo Corte Aurea Desenzano del Garda | Dienstleistungen\",\"isPartOf\":{\"@id\":\"https:\\\/\\\/www.agriturismocorteaurea.it\\\/#website\"},\"datePublished\":\"2017-09-02T13:26:40+00:00\",\"dateModified\":\"2025-09-17T13:01:23+00:00\",\"description\":\"Entdecken Sie alle G\u00e4ste-Services im Agriturismo Corte Aurea in Desenzano del Garda. Suiten, Zimmer und Ferienwohnungen in einem charmanten Landhaus mit Pool.\",\"breadcrumb\":{\"@id\":\"https:\\\/\\\/www.agriturismocorteaurea.it\\\/de\\\/leistungen\\\/#breadcrumb\"},\"inLanguage\":\"de\",\"potentialAction\":[{\"@type\":\"ReadAction\",\"target\":[\"https:\\\/\\\/www.agriturismocorteaurea.it\\\/de\\\/leistungen\\\/\"]}]},{\"@type\":\"BreadcrumbList\",\"@id\":\"https:\\\/\\\/www.agriturismocorteaurea.it\\\/de\\\/leistungen\\\/#breadcrumb\",\"itemListElement\":[{\"@type\":\"ListItem\",\"position\":1,\"name\":\"Home\",\"item\":\"https:\\\/\\\/www.agriturismocorteaurea.it\\\/de\\\/\"},{\"@type\":\"ListItem\",\"position\":2,\"name\":\"Leistungen\"}]},{\"@type\":\"WebSite\",\"@id\":\"https:\\\/\\\/www.agriturismocorteaurea.it\\\/#website\",\"url\":\"https:\\\/\\\/www.agriturismocorteaurea.it\\\/\",\"name\":\"Agriturismo Corte Aurea\",\"description\":\"Agriturismo Corte Aurea\",\"potentialAction\":[{\"@type\":\"SearchAction\",\"target\":{\"@type\":\"EntryPoint\",\"urlTemplate\":\"https:\\\/\\\/www.agriturismocorteaurea.it\\\/?s={search_term_string}\"},\"query-input\":{\"@type\":\"PropertyValueSpecification\",\"valueRequired\":true,\"valueName\":\"search_term_string\"}}],\"inLanguage\":\"de\"}]}<\/script>\n<!-- \/ Yoast SEO plugin. -->","yoast_head_json":{"title":"Agriturismo Corte Aurea Desenzano del Garda | Dienstleistungen","description":"Entdecken Sie alle G\u00e4ste-Services im Agriturismo Corte Aurea in Desenzano del Garda. Suiten, Zimmer und Ferienwohnungen in einem charmanten Landhaus mit Pool.","robots":{"index":"index","follow":"follow","max-snippet":"max-snippet:-1","max-image-preview":"max-image-preview:large","max-video-preview":"max-video-preview:-1"},"canonical":"https:\/\/www.agriturismocorteaurea.it\/de\/leistungen\/","og_locale":"de_DE","og_type":"article","og_title":"Agriturismo Corte Aurea Desenzano del Garda | Dienstleistungen","og_description":"Entdecken Sie alle G\u00e4ste-Services im Agriturismo Corte Aurea in Desenzano del Garda. Suiten, Zimmer und Ferienwohnungen in einem charmanten Landhaus mit Pool.","og_url":"https:\/\/www.agriturismocorteaurea.it\/de\/leistungen\/","og_site_name":"Agriturismo Corte Aurea","article_modified_time":"2025-09-17T13:01:23+00:00","twitter_card":"summary_large_image","twitter_misc":{"Gesch\u00e4tzte Lesezeit":"4\u00a0Minuten"},"schema":{"@context":"https:\/\/schema.org","@graph":[{"@type":"WebPage","@id":"https:\/\/www.agriturismocorteaurea.it\/de\/leistungen\/","url":"https:\/\/www.agriturismocorteaurea.it\/de\/leistungen\/","name":"Agriturismo Corte Aurea Desenzano del Garda | Dienstleistungen","isPartOf":{"@id":"https:\/\/www.agriturismocorteaurea.it\/#website"},"datePublished":"2017-09-02T13:26:40+00:00","dateModified":"2025-09-17T13:01:23+00:00","description":"Entdecken Sie alle G\u00e4ste-Services im Agriturismo Corte Aurea in Desenzano del Garda. Suiten, Zimmer und Ferienwohnungen in einem charmanten Landhaus mit Pool.","breadcrumb":{"@id":"https:\/\/www.agriturismocorteaurea.it\/de\/leistungen\/#breadcrumb"},"inLanguage":"de","potentialAction":[{"@type":"ReadAction","target":["https:\/\/www.agriturismocorteaurea.it\/de\/leistungen\/"]}]},{"@type":"BreadcrumbList","@id":"https:\/\/www.agriturismocorteaurea.it\/de\/leistungen\/#breadcrumb","itemListElement":[{"@type":"ListItem","position":1,"name":"Home","item":"https:\/\/www.agriturismocorteaurea.it\/de\/"},{"@type":"ListItem","position":2,"name":"Leistungen"}]},{"@type":"WebSite","@id":"https:\/\/www.agriturismocorteaurea.it\/#website","url":"https:\/\/www.agriturismocorteaurea.it\/","name":"Agriturismo Corte Aurea","description":"Agriturismo Corte Aurea","potentialAction":[{"@type":"SearchAction","target":{"@type":"EntryPoint","urlTemplate":"https:\/\/www.agriturismocorteaurea.it\/?s={search_term_string}"},"query-input":{"@type":"PropertyValueSpecification","valueRequired":true,"valueName":"search_term_string"}}],"inLanguage":"de"}]}},"_links":{"self":[{"href":"https:\/\/www.agriturismocorteaurea.it\/de\/wp-json\/wp\/v2\/pages\/684","targetHints":{"allow":["GET"]}}],"collection":[{"href":"https:\/\/www.agriturismocorteaurea.it\/de\/wp-json\/wp\/v2\/pages"}],"about":[{"href":"https:\/\/www.agriturismocorteaurea.it\/de\/wp-json\/wp\/v2\/types\/page"}],"author":[{"embeddable":true,"href":"https:\/\/www.agriturismocorteaurea.it\/de\/wp-json\/wp\/v2\/users\/1"}],"replies":[{"embeddable":true,"href":"https:\/\/www.agriturismocorteaurea.it\/de\/wp-json\/wp\/v2\/comments?post=684"}],"version-history":[{"count":19,"href":"https:\/\/www.agriturismocorteaurea.it\/de\/wp-json\/wp\/v2\/pages\/684\/revisions"}],"predecessor-version":[{"id":2261,"href":"https:\/\/www.agriturismocorteaurea.it\/de\/wp-json\/wp\/v2\/pages\/684\/revisions\/2261"}],"wp:attachment":[{"href":"https:\/\/www.agriturismocorteaurea.it\/de\/wp-json\/wp\/v2\/media?parent=684"}],"curies":[{"name":"wp","href":"https:\/\/api.w.org\/{rel}","templated":true}]}}