{"id":630,"date":"2017-09-02T10:46:51","date_gmt":"2017-09-02T08:46:51","guid":{"rendered":"https:\/\/www.agriturismocorteaurea.it\/?page_id=630\/"},"modified":"2020-06-03T10:16:42","modified_gmt":"2020-06-03T08:16:42","slug":"schwimmbad","status":"publish","type":"page","link":"https:\/\/www.agriturismocorteaurea.it\/de\/schwimmbad\/","title":{"rendered":"Schwimmbad"},"content":{"rendered":"<section class=\"l-section wpb_row height_auto width_full\"><div class=\"l-section-h i-cf\"><div class=\"g-cols vc_row via_flex valign_top type_default stacking_default\"><div class=\"vc_col-sm-12 wpb_column vc_column_container\"><div class=\"vc_column-inner\"><div class=\"wpb_wrapper\">[rev_slider_vc alias=&#8220;piscina&#8220;]<\/div><\/div><\/div><\/div><\/div><\/section><section class=\"l-section wpb_row height_large\"><div class=\"l-section-h i-cf\"><div class=\"g-cols vc_row via_flex valign_top type_default stacking_default\" style=\"--additional-gap:35;\"><div class=\"vc_col-sm-6 wpb_column vc_column_container\"><div class=\"vc_column-inner\"><div class=\"wpb_wrapper\"><div class=\"wpb_text_column\"><div class=\"wpb_wrapper\"><h1>Schwimmbad und sonnenterrasse<\/h1>\n<h2>Blau Winkel in Corte Aurea<\/h2>\n<\/div><\/div><\/div><\/div><\/div><div class=\"vc_col-sm-6 wpb_column vc_column_container\"><div class=\"vc_column-inner\"><div class=\"wpb_wrapper\"><div class=\"wpb_text_column giustifica\"><div class=\"wpb_wrapper\"><p>Im Innern des Corte befindet sich der Pool des Agrotourismus. Eine erfrischende azurblaue Ecke, bis zum Rand mit Salzwasser aufgef\u00fcllt, umgeben von B\u00e4umen, Weinbergen und farbenfrohen Blumenbuketts, die den Garten f\u00fcllen.<\/p>\n<p>Der Pool verf\u00fcgt \u00fcber Wasserf\u00e4lle und einen Jacuzzi und einem Solariumbereich mit Liegest\u00fchlen aus Rattan und Sonnenschirmen.<\/p>\n<\/div><\/div><\/div><\/div><\/div><\/div><\/div><\/section><section class=\"l-section wpb_row height_auto width_full\"><div class=\"l-section-h i-cf\"><div class=\"g-cols vc_row via_flex valign_middle type_default stacking_default\"><div class=\"vc_col-sm-8 wpb_column vc_column_container\"><div class=\"vc_column-inner us_custom_2f514b60\"><div class=\"wpb_wrapper\"><div class=\"w-slider style_none fit_contain nav_dots count_3\"><div class=\"w-slider-h\" aria-hidden=\"true\"><div class=\"royalSlider\"><div class=\"rsContent\"><a class=\"rsImg\" data-rsw=\"1920\" data-rsh=\"1280\" href=\"https:\/\/www.agriturismocorteaurea.it\/wp-content\/uploads\/2017\/06\/aca-7104-1.jpg\"><span data-alt=\"Ragazza che si fa coccolare dalla cascata idromassaggio della piscina a sfioro con acqua salata dell\u2019Agriturismo Corte Aurea\"><\/span><\/a><\/div><div class=\"rsContent\"><a class=\"rsImg\" data-rsw=\"1920\" data-rsh=\"1280\" href=\"https:\/\/www.agriturismocorteaurea.it\/wp-content\/uploads\/2017\/06\/aca-7150-1.jpg\"><span data-alt=\"\"><\/span><\/a><\/div><div class=\"rsContent\"><a class=\"rsImg\" data-rsw=\"1920\" data-rsh=\"1280\" href=\"https:\/\/www.agriturismocorteaurea.it\/wp-content\/uploads\/2017\/06\/aca-7120-1.jpg\"><span data-alt=\"\"><\/span><\/a><\/div><\/div><img decoding=\"async\" src=\"https:\/\/www.agriturismocorteaurea.it\/wp-content\/uploads\/2017\/06\/aca-7104-1.jpg\" width=\"1920\" height=\"1280\" alt=\"Ragazza che si fa coccolare dalla cascata idromassaggio della piscina a sfioro con acqua salata dell\u2019Agriturismo Corte Aurea\" loading=\"lazy\"><\/div><div class=\"w-slider-json\" onclick='return {&quot;autoScaleSlider&quot;:true,&quot;addActiveClass&quot;:true,&quot;loop&quot;:true,&quot;fadeInLoadedSlide&quot;:false,&quot;slidesSpacing&quot;:0,&quot;imageScalePadding&quot;:0,&quot;numImagesToPreload&quot;:2,&quot;arrowsNav&quot;:true,&quot;arrowsNavAutoHide&quot;:false,&quot;transitionType&quot;:&quot;fade&quot;,&quot;transitionSpeed&quot;:250,&quot;block&quot;:{&quot;moveEffect&quot;:&quot;none&quot;,&quot;speed&quot;:300},&quot;thumbs&quot;:{&quot;fitInViewport&quot;:false,&quot;firstMargin&quot;:false,&quot;spacing&quot;:4},&quot;controlNavigation&quot;:&quot;bullets&quot;,&quot;autoScaleSliderWidth&quot;:1920,&quot;autoScaleSliderHeight&quot;:1280}'><\/div><\/div><\/div><\/div><\/div><div class=\"vc_col-sm-4 wpb_column vc_column_container greca-dx3\"><div class=\"vc_column-inner\"><div class=\"wpb_wrapper\"><div class=\"g-cols wpb_row blocco-piccolo-dx via_flex valign_top type_default stacking_default\"><div class=\"vc_col-sm-12 wpb_column vc_column_container\"><div class=\"vc_column-inner\"><div class=\"wpb_wrapper\"><div class=\"wpb_text_column\"><div class=\"wpb_wrapper\"><h3>STREICHELEINHEITEN<\/h3>\n<h4>erfrischend im Pool<\/h4>\n<p>Entspannen Sie sich unter den sanft massierenden Wasserf\u00e4llen unseres Pools.<\/p>\n<\/div><\/div><\/div><\/div><\/div><\/div><\/div><\/div><\/div><\/div><\/div><\/section><section class=\"l-section wpb_row fascia-masonry nascondi height_medium\" id=\"ramo-sx\"><div class=\"l-section-h i-cf\"><div class=\"g-cols vc_row via_flex valign_middle type_boxes stacking_default\"><div class=\"vc_col-sm-4 wpb_column vc_column_container\"><div class=\"vc_column-inner\"><div class=\"wpb_wrapper\"><div class=\"wpb_text_column\"><div class=\"wpb_wrapper\"><div class=\"wpb_text_column \">\n<div class=\"wpb_wrapper\">\n<h3>Der Garten<\/h3>\n<h4>Unter Oliven- und Obstb\u00e4umen am Fu\u00df des Mor\u00e4nenh\u00fcgels.<\/h4>\n<\/div>\n<\/div>\n<div class=\"wpb_text_column \">\n<div class=\"wpb_wrapper\">\n<p>Eine sch\u00f6ne Explosion von Farben, Blumen und Pflanzen, mit Blick auf die 5000 Quadratmeter gro\u00dfen Weinberge, auf den gr\u00fcnen H\u00fcgeln und alten Bauernh\u00e4usern am Fu\u00df der Mor\u00e4nenh\u00fcgel.<\/p>\n<p><em>Ort der Ruhe und Entspannung f\u00fcr unsere G\u00e4ste<\/em><\/p>\n<\/div>\n<\/div>\n<\/div><\/div><div class=\"w-btn-wrapper align_none\"><a class=\"w-btn us-btn-style_1\" href=\"https:\/\/www.agriturismocorteaurea.it\/de\/garden\/\"><span class=\"w-btn-label\">Details<\/span><\/a><\/div><\/div><\/div><\/div><div class=\"vc_col-sm-4 wpb_column vc_column_container\"><div class=\"vc_column-inner\"><div class=\"wpb_wrapper\"><div class=\"g-cols wpb_row masonry-img via_flex valign_middle type_boxes stacking_default\" style=\"--additional-gap:2;\"><div class=\"vc_col-sm-12 wpb_column vc_column_container has_bg_color\"><div class=\"vc_column-inner us_custom_11287e4c\"><div class=\"wpb_wrapper\"><div class=\"ult-spacer spacer-69ecde6b44fa5\" data-id=\"69ecde6b44fa5\" data-height=\"300\" data-height-mobile=\"300\" data-height-tab=\"300\" data-height-tab-portrait=\"\" data-height-mobile-landscape=\"\" style=\"clear:both;display:block;\"><\/div><\/div><\/div><\/div><\/div><div class=\"g-cols wpb_row masonry-img via_flex valign_middle type_boxes stacking_default\" style=\"--additional-gap:2;\"><div class=\"vc_col-sm-12 wpb_column vc_column_container has_bg_color\"><div class=\"vc_column-inner us_custom_bdc53bdd\"><div class=\"wpb_wrapper\"><div class=\"ult-spacer spacer-69ecde6b453dd\" data-id=\"69ecde6b453dd\" data-height=\"300\" data-height-mobile=\"300\" data-height-tab=\"300\" data-height-tab-portrait=\"\" data-height-mobile-landscape=\"\" style=\"clear:both;display:block;\"><\/div><\/div><\/div><\/div><\/div><\/div><\/div><\/div><div class=\"vc_col-sm-4 wpb_column vc_column_container\"><div class=\"vc_column-inner us_custom_36724591\"><div class=\"wpb_wrapper\"><div tabindex=\"0\" class=\"ult-new-ib ult-ib-effect-style10  ult-ib-resp   vc_custom_1573468266001\" data-min-width=\"768\" data-max-width=\"900\" style=\"background:#7e1e2b;\" data-opacity=\"0.9\" data-hover-opacity=\"0.8\" ><img decoding=\"async\" class=\"ult-new-ib-img\" style=\"opacity:0.9;\" alt=\"null\" src=\"https:\/\/www.agriturismocorteaurea.it\/wp-content\/uploads\/2017\/06\/aca-7334.jpg\"   \/><div id=\"interactive-banner-wrap-6347\" class=\"ult-new-ib-desc\" style=\"\"><h3 class=\"ult-new-ib-title ult-responsive\"  data-ultimate-target='#interactive-banner-wrap-6347 .ult-new-ib-title'  data-responsive-json-new='{\"font-size\":\"desktop:70px;\",\"line-height\":\"desktop:65px;\"}'  style=\"font-weight:normal;color:#ffffff;\">\u00dcber den garten<\/h3><\/div><a class=\"ult-new-ib-link\" href=\"https:\/\/www.agriturismocorteaurea.it\/de\/garden\/\"  ><\/a><\/div><\/div><\/div><\/div><\/div><\/div><\/section>\n","protected":false},"excerpt":{"rendered":"[rev_slider_vc alias=\"piscina\"]Schwimmbad und sonnenterrasse Blau Winkel in Corte Aurea Im Innern des Corte befindet sich der Pool des Agrotourismus. Eine erfrischende azurblaue Ecke, bis zum Rand mit Salzwasser aufgef\u00fcllt, umgeben von B\u00e4umen, Weinbergen und farbenfrohen Blumenbuketts, die den Garten f\u00fcllen. Der Pool verf\u00fcgt \u00fcber Wasserf\u00e4lle und einen Jacuzzi und einem Solariumbereich mit Liegest\u00fchlen aus Rattan...","protected":false},"author":1,"featured_media":0,"parent":0,"menu_order":0,"comment_status":"closed","ping_status":"closed","template":"","meta":{"inline_featured_image":false,"footnotes":""},"class_list":["post-630","page","type-page","status-publish","hentry"],"yoast_head":"<!-- This site is optimized with the Yoast SEO plugin v27.4 - https:\/\/yoast.com\/product\/yoast-seo-wordpress\/ -->\n<title>Corte Aurea | Agrotourismus Mit Pool Desenzano Gardasee<\/title>\n<meta name=\"description\" content=\"Agrotourismus mit Pool Desenzano Gardasee. Der Pool des Agrotourismus befindet sich im Garten des Innenhofs zwischen Blumen und Garda Classico Weinbergen.\" \/>\n<meta name=\"robots\" content=\"index, follow, max-snippet:-1, max-image-preview:large, max-video-preview:-1\" \/>\n<link rel=\"canonical\" href=\"https:\/\/www.agriturismocorteaurea.it\/de\/schwimmbad\/\" \/>\n<meta property=\"og:locale\" content=\"de_DE\" \/>\n<meta property=\"og:type\" content=\"article\" \/>\n<meta property=\"og:title\" content=\"Corte Aurea | Agrotourismus Mit Pool Desenzano Gardasee\" \/>\n<meta property=\"og:description\" content=\"Agrotourismus mit Pool Desenzano Gardasee. Der Pool des Agrotourismus befindet sich im Garten des Innenhofs zwischen Blumen und Garda Classico Weinbergen.\" \/>\n<meta property=\"og:url\" content=\"https:\/\/www.agriturismocorteaurea.it\/de\/schwimmbad\/\" \/>\n<meta property=\"og:site_name\" content=\"Agriturismo Corte Aurea\" \/>\n<meta property=\"article:modified_time\" content=\"2020-06-03T08:16:42+00:00\" \/>\n<meta name=\"twitter:card\" content=\"summary_large_image\" \/>\n<meta name=\"twitter:label1\" content=\"Gesch\u00e4tzte Lesezeit\" \/>\n\t<meta name=\"twitter:data1\" content=\"3\u00a0Minuten\" \/>\n<script type=\"application\/ld+json\" class=\"yoast-schema-graph\">{\"@context\":\"https:\\\/\\\/schema.org\",\"@graph\":[{\"@type\":\"WebPage\",\"@id\":\"https:\\\/\\\/www.agriturismocorteaurea.it\\\/de\\\/schwimmbad\\\/\",\"url\":\"https:\\\/\\\/www.agriturismocorteaurea.it\\\/de\\\/schwimmbad\\\/\",\"name\":\"Corte Aurea | Agrotourismus Mit Pool Desenzano Gardasee\",\"isPartOf\":{\"@id\":\"https:\\\/\\\/www.agriturismocorteaurea.it\\\/#website\"},\"datePublished\":\"2017-09-02T08:46:51+00:00\",\"dateModified\":\"2020-06-03T08:16:42+00:00\",\"description\":\"Agrotourismus mit Pool Desenzano Gardasee. Der Pool des Agrotourismus befindet sich im Garten des Innenhofs zwischen Blumen und Garda Classico Weinbergen.\",\"breadcrumb\":{\"@id\":\"https:\\\/\\\/www.agriturismocorteaurea.it\\\/de\\\/schwimmbad\\\/#breadcrumb\"},\"inLanguage\":\"de\",\"potentialAction\":[{\"@type\":\"ReadAction\",\"target\":[\"https:\\\/\\\/www.agriturismocorteaurea.it\\\/de\\\/schwimmbad\\\/\"]}]},{\"@type\":\"BreadcrumbList\",\"@id\":\"https:\\\/\\\/www.agriturismocorteaurea.it\\\/de\\\/schwimmbad\\\/#breadcrumb\",\"itemListElement\":[{\"@type\":\"ListItem\",\"position\":1,\"name\":\"Home\",\"item\":\"https:\\\/\\\/www.agriturismocorteaurea.it\\\/de\\\/\"},{\"@type\":\"ListItem\",\"position\":2,\"name\":\"Schwimmbad\"}]},{\"@type\":\"WebSite\",\"@id\":\"https:\\\/\\\/www.agriturismocorteaurea.it\\\/#website\",\"url\":\"https:\\\/\\\/www.agriturismocorteaurea.it\\\/\",\"name\":\"Agriturismo Corte Aurea\",\"description\":\"Agriturismo Corte Aurea\",\"potentialAction\":[{\"@type\":\"SearchAction\",\"target\":{\"@type\":\"EntryPoint\",\"urlTemplate\":\"https:\\\/\\\/www.agriturismocorteaurea.it\\\/?s={search_term_string}\"},\"query-input\":{\"@type\":\"PropertyValueSpecification\",\"valueRequired\":true,\"valueName\":\"search_term_string\"}}],\"inLanguage\":\"de\"}]}<\/script>\n<!-- \/ Yoast SEO plugin. -->","yoast_head_json":{"title":"Corte Aurea | Agrotourismus Mit Pool Desenzano Gardasee","description":"Agrotourismus mit Pool Desenzano Gardasee. Der Pool des Agrotourismus befindet sich im Garten des Innenhofs zwischen Blumen und Garda Classico Weinbergen.","robots":{"index":"index","follow":"follow","max-snippet":"max-snippet:-1","max-image-preview":"max-image-preview:large","max-video-preview":"max-video-preview:-1"},"canonical":"https:\/\/www.agriturismocorteaurea.it\/de\/schwimmbad\/","og_locale":"de_DE","og_type":"article","og_title":"Corte Aurea | Agrotourismus Mit Pool Desenzano Gardasee","og_description":"Agrotourismus mit Pool Desenzano Gardasee. Der Pool des Agrotourismus befindet sich im Garten des Innenhofs zwischen Blumen und Garda Classico Weinbergen.","og_url":"https:\/\/www.agriturismocorteaurea.it\/de\/schwimmbad\/","og_site_name":"Agriturismo Corte Aurea","article_modified_time":"2020-06-03T08:16:42+00:00","twitter_card":"summary_large_image","twitter_misc":{"Gesch\u00e4tzte Lesezeit":"3\u00a0Minuten"},"schema":{"@context":"https:\/\/schema.org","@graph":[{"@type":"WebPage","@id":"https:\/\/www.agriturismocorteaurea.it\/de\/schwimmbad\/","url":"https:\/\/www.agriturismocorteaurea.it\/de\/schwimmbad\/","name":"Corte Aurea | Agrotourismus Mit Pool Desenzano Gardasee","isPartOf":{"@id":"https:\/\/www.agriturismocorteaurea.it\/#website"},"datePublished":"2017-09-02T08:46:51+00:00","dateModified":"2020-06-03T08:16:42+00:00","description":"Agrotourismus mit Pool Desenzano Gardasee. Der Pool des Agrotourismus befindet sich im Garten des Innenhofs zwischen Blumen und Garda Classico Weinbergen.","breadcrumb":{"@id":"https:\/\/www.agriturismocorteaurea.it\/de\/schwimmbad\/#breadcrumb"},"inLanguage":"de","potentialAction":[{"@type":"ReadAction","target":["https:\/\/www.agriturismocorteaurea.it\/de\/schwimmbad\/"]}]},{"@type":"BreadcrumbList","@id":"https:\/\/www.agriturismocorteaurea.it\/de\/schwimmbad\/#breadcrumb","itemListElement":[{"@type":"ListItem","position":1,"name":"Home","item":"https:\/\/www.agriturismocorteaurea.it\/de\/"},{"@type":"ListItem","position":2,"name":"Schwimmbad"}]},{"@type":"WebSite","@id":"https:\/\/www.agriturismocorteaurea.it\/#website","url":"https:\/\/www.agriturismocorteaurea.it\/","name":"Agriturismo Corte Aurea","description":"Agriturismo Corte Aurea","potentialAction":[{"@type":"SearchAction","target":{"@type":"EntryPoint","urlTemplate":"https:\/\/www.agriturismocorteaurea.it\/?s={search_term_string}"},"query-input":{"@type":"PropertyValueSpecification","valueRequired":true,"valueName":"search_term_string"}}],"inLanguage":"de"}]}},"_links":{"self":[{"href":"https:\/\/www.agriturismocorteaurea.it\/de\/wp-json\/wp\/v2\/pages\/630","targetHints":{"allow":["GET"]}}],"collection":[{"href":"https:\/\/www.agriturismocorteaurea.it\/de\/wp-json\/wp\/v2\/pages"}],"about":[{"href":"https:\/\/www.agriturismocorteaurea.it\/de\/wp-json\/wp\/v2\/types\/page"}],"author":[{"embeddable":true,"href":"https:\/\/www.agriturismocorteaurea.it\/de\/wp-json\/wp\/v2\/users\/1"}],"replies":[{"embeddable":true,"href":"https:\/\/www.agriturismocorteaurea.it\/de\/wp-json\/wp\/v2\/comments?post=630"}],"version-history":[{"count":15,"href":"https:\/\/www.agriturismocorteaurea.it\/de\/wp-json\/wp\/v2\/pages\/630\/revisions"}],"predecessor-version":[{"id":1763,"href":"https:\/\/www.agriturismocorteaurea.it\/de\/wp-json\/wp\/v2\/pages\/630\/revisions\/1763"}],"wp:attachment":[{"href":"https:\/\/www.agriturismocorteaurea.it\/de\/wp-json\/wp\/v2\/media?parent=630"}],"curies":[{"name":"wp","href":"https:\/\/api.w.org\/{rel}","templated":true}]}}