{"id":626,"date":"2017-09-02T10:30:33","date_gmt":"2017-09-02T08:30:33","guid":{"rendered":"https:\/\/www.agriturismocorteaurea.it\/?page_id=626\/"},"modified":"2022-11-16T11:38:00","modified_gmt":"2022-11-16T10:38:00","slug":"fruehstueck","status":"publish","type":"page","link":"https:\/\/www.agriturismocorteaurea.it\/de\/fruehstueck\/","title":{"rendered":"Fr\u00fchst\u00fcck"},"content":{"rendered":"<section class=\"l-section wpb_row height_auto width_full\"><div class=\"l-section-h i-cf\"><div class=\"g-cols vc_row via_flex valign_top type_default stacking_default\"><div class=\"vc_col-sm-12 wpb_column vc_column_container\"><div class=\"vc_column-inner\"><div class=\"wpb_wrapper\">[rev_slider_vc alias=&#8220;colazione&#8220;]<\/div><\/div><\/div><\/div><\/div><\/section><section class=\"l-section wpb_row height_large\"><div class=\"l-section-h i-cf\"><div class=\"g-cols vc_row via_flex valign_top type_default stacking_default\" style=\"--additional-gap:17.5px;\"><div class=\"vc_col-sm-6 wpb_column vc_column_container\"><div class=\"vc_column-inner\"><div class=\"wpb_wrapper\"><div class=\"wpb_text_column\"><div class=\"wpb_wrapper\"><h1>Fr\u00fchst\u00fcck<\/h1>\n<h2>Grosses Buffet mit s\u00fcssen und herzhaften Speisen, Sowie warmen und kalten getr\u00e4nken.<\/h2>\n<\/div><\/div><\/div><\/div><\/div><div class=\"vc_col-sm-6 wpb_column vc_column_container\"><div class=\"vc_column-inner\"><div class=\"wpb_wrapper\"><div class=\"wpb_text_column giustifica\"><div class=\"wpb_wrapper\"><p>Wir servieren das Fr\u00fchst\u00fcck im Speisesaal mit Blick auf den Innenhof oder auf der Terrasse mit kleinen Tischen und Lounge-Sofas. Das Fr\u00fchst\u00fcck ist stets im Preis inbegriffen, ausgenommen bei Apartments, die \u00fcber eine Kochnische zum Zubereiten von Mahlzeiten verf\u00fcgen. Unser Fr\u00fchst\u00fcck wird am Tisch serviert und bietet eine Auswahl an s\u00fc\u00dfen und herzhaften Gerichten sowie hei\u00dfen und kalten Getr\u00e4nken.<\/p>\n<\/div><\/div><\/div><\/div><\/div><\/div><\/div><\/section><section class=\"l-section wpb_row height_auto width_full\"><div class=\"l-section-h i-cf\"><div class=\"g-cols vc_row via_flex valign_middle type_default stacking_default\"><div class=\"vc_col-sm-8 wpb_column vc_column_container\"><div class=\"vc_column-inner us_custom_2f514b60\"><div class=\"wpb_wrapper\"><div class=\"w-image align_none\"><div class=\"w-image-h\"><img decoding=\"async\" width=\"1279\" height=\"853\" src=\"https:\/\/www.agriturismocorteaurea.it\/wp-content\/uploads\/2017\/06\/aca-6782.jpg\" class=\"attachment-full size-full\" alt=\"tavola colazione dolce con torte fatte in casa, frutta fresca e bevande all\u2019Agriturismo Corte Aurea\" loading=\"lazy\" srcset=\"https:\/\/www.agriturismocorteaurea.it\/wp-content\/uploads\/2017\/06\/aca-6782.jpg 1279w, https:\/\/www.agriturismocorteaurea.it\/wp-content\/uploads\/2017\/06\/aca-6782-300x200.jpg 300w, https:\/\/www.agriturismocorteaurea.it\/wp-content\/uploads\/2017\/06\/aca-6782-768x512.jpg 768w, https:\/\/www.agriturismocorteaurea.it\/wp-content\/uploads\/2017\/06\/aca-6782-1024x683.jpg 1024w\" sizes=\"auto, (max-width: 1279px) 100vw, 1279px\" \/><\/div><\/div><\/div><\/div><\/div><div class=\"vc_col-sm-4 wpb_column vc_column_container greca-dx3\"><div class=\"vc_column-inner\"><div class=\"wpb_wrapper\"><div class=\"g-cols wpb_row blocco-piccolo-dx via_flex valign_top type_default stacking_default\"><div class=\"vc_col-sm-12 wpb_column vc_column_container\"><div class=\"vc_column-inner\"><div class=\"wpb_wrapper\"><div class=\"wpb_text_column giustifica\"><div class=\"wpb_wrapper\"><h3 style=\"text-align: left;\">Handgemachte<\/h3>\n<p>Handgemachte Brioches, hausgemachten Kuchen, frisches Obst und Gem\u00fcse aus eigener Erzeugung (je nach Saison), Joghurt, M\u00fcsli, frischen K\u00e4se, Eier, hergestelltes Brot, hausgemachte Marmeladen, S\u00e4fte, Kaffee und Milch sowie verschiedene hei\u00dfe Tees.<\/p>\n<\/div><\/div><\/div><\/div><\/div><\/div><\/div><\/div><\/div><\/div><\/div><\/section><section class=\"l-section wpb_row contorna uva-sx height_medium\"><div class=\"l-section-h i-cf\"><div class=\"g-cols vc_row via_flex valign_top type_default stacking_default\"><div class=\"vc_col-sm-8 wpb_column vc_column_container\"><div class=\"vc_column-inner\"><div class=\"wpb_wrapper\"><div class=\"g-cols wpb_row via_flex valign_top type_default stacking_default\"><div class=\"vc_col-sm-6 wpb_column vc_column_container\"><div class=\"vc_column-inner\"><div class=\"wpb_wrapper\"><div class=\"w-image align_none\"><a ref=\"magnificPopup\" href=\"https:\/\/www.agriturismocorteaurea.it\/wp-content\/uploads\/2022\/11\/OND03265.jpg\" aria-label=\"OND03265\" class=\"w-image-h\"><img decoding=\"async\" width=\"1920\" height=\"1281\" src=\"https:\/\/www.agriturismocorteaurea.it\/wp-content\/uploads\/2022\/11\/OND03265.jpg\" class=\"attachment-full size-full\" alt=\"tavola colazione dolce con torte fatte in casa, frutta fresca e bevande all\u2019Agriturismo Corte Aurea\" loading=\"lazy\" srcset=\"https:\/\/www.agriturismocorteaurea.it\/wp-content\/uploads\/2022\/11\/OND03265.jpg 1920w, https:\/\/www.agriturismocorteaurea.it\/wp-content\/uploads\/2022\/11\/OND03265-300x200.jpg 300w, https:\/\/www.agriturismocorteaurea.it\/wp-content\/uploads\/2022\/11\/OND03265-1024x683.jpg 1024w, https:\/\/www.agriturismocorteaurea.it\/wp-content\/uploads\/2022\/11\/OND03265-600x400.jpg 600w\" sizes=\"auto, (max-width: 1920px) 100vw, 1920px\" \/><\/a><\/div><\/div><\/div><\/div><div class=\"vc_col-sm-6 wpb_column vc_column_container\"><div class=\"vc_column-inner\"><div class=\"wpb_wrapper\"><div class=\"w-image align_none\"><a ref=\"magnificPopup\" href=\"https:\/\/www.agriturismocorteaurea.it\/wp-content\/uploads\/2022\/11\/OND03284.jpg\" aria-label=\"OND03284\" class=\"w-image-h\"><img decoding=\"async\" width=\"1920\" height=\"1281\" src=\"https:\/\/www.agriturismocorteaurea.it\/wp-content\/uploads\/2022\/11\/OND03284.jpg\" class=\"attachment-full size-full\" alt=\"tavola colazione dolce con torte fatte in casa, frutta fresca e bevande all\u2019Agriturismo Corte Aurea\" loading=\"lazy\" srcset=\"https:\/\/www.agriturismocorteaurea.it\/wp-content\/uploads\/2022\/11\/OND03284.jpg 1920w, https:\/\/www.agriturismocorteaurea.it\/wp-content\/uploads\/2022\/11\/OND03284-300x200.jpg 300w, https:\/\/www.agriturismocorteaurea.it\/wp-content\/uploads\/2022\/11\/OND03284-1024x683.jpg 1024w, https:\/\/www.agriturismocorteaurea.it\/wp-content\/uploads\/2022\/11\/OND03284-600x400.jpg 600w\" sizes=\"auto, (max-width: 1920px) 100vw, 1920px\" \/><\/a><\/div><\/div><\/div><\/div><\/div><div class=\"g-cols wpb_row us_custom_af6a9b6a via_flex valign_middle type_default stacking_default\"><div class=\"vc_col-sm-12 wpb_column vc_column_container\"><div class=\"vc_column-inner\"><div class=\"wpb_wrapper\"><div class=\"wpb_text_column\"><div class=\"wpb_wrapper\"><h2>SERVICE<\/h2>\n<p>Ihr am Vortag ausgew\u00e4lltes Fr\u00fchst\u00fcck wird Ihnen im Fr\u00fchst\u00fcckssalon mit Gartenaussicht oder direkt auf der Terrasse zu tisch serviert.<br \/>\nUnsere Fr\u00fchst\u00fccksbrettchen bestehen immer aus frischen Produckten aus unserem Garten oder aus der nahen Region, Somit besteht, das Brettchen, unter Anderem, aus unserem saisonalen Obst, unserer Fr\u00fcchtemarmelade und unserem hausgemachten Kuchen, der mit Eiern von unseren H\u00fchnern zubereitet wird<\/p>\n<\/div><\/div><\/div><\/div><\/div><\/div><\/div><\/div><\/div><div class=\"vc_col-sm-4 wpb_column vc_column_container\"><div class=\"vc_column-inner\"><div class=\"wpb_wrapper\"><div class=\"w-image align_none\"><a ref=\"magnificPopup\" href=\"https:\/\/www.agriturismocorteaurea.it\/wp-content\/uploads\/2022\/11\/OND03302-web.jpg\" aria-label=\"OND03302 web\" class=\"w-image-h\"><img decoding=\"async\" width=\"1920\" height=\"1281\" src=\"https:\/\/www.agriturismocorteaurea.it\/wp-content\/uploads\/2022\/11\/OND03302-web.jpg\" class=\"attachment-full size-full\" alt=\"\" loading=\"lazy\" srcset=\"https:\/\/www.agriturismocorteaurea.it\/wp-content\/uploads\/2022\/11\/OND03302-web.jpg 1920w, https:\/\/www.agriturismocorteaurea.it\/wp-content\/uploads\/2022\/11\/OND03302-web-300x200.jpg 300w, https:\/\/www.agriturismocorteaurea.it\/wp-content\/uploads\/2022\/11\/OND03302-web-1024x683.jpg 1024w, https:\/\/www.agriturismocorteaurea.it\/wp-content\/uploads\/2022\/11\/OND03302-web-600x400.jpg 600w\" sizes=\"auto, (max-width: 1920px) 100vw, 1920px\" \/><\/a><\/div><div class=\"w-separator size_medium\"><\/div><div class=\"w-image align_none\"><a ref=\"magnificPopup\" href=\"https:\/\/www.agriturismocorteaurea.it\/wp-content\/uploads\/2022\/11\/OND03270-1.jpg\" aria-label=\"OND03270\" class=\"w-image-h\"><img decoding=\"async\" width=\"1920\" height=\"1281\" src=\"https:\/\/www.agriturismocorteaurea.it\/wp-content\/uploads\/2022\/11\/OND03270-1.jpg\" class=\"attachment-full size-full\" alt=\"tavola colazione dolce con torte fatte in casa, frutta fresca e bevande all\u2019Agriturismo Corte Aurea\" loading=\"lazy\" srcset=\"https:\/\/www.agriturismocorteaurea.it\/wp-content\/uploads\/2022\/11\/OND03270-1.jpg 1920w, https:\/\/www.agriturismocorteaurea.it\/wp-content\/uploads\/2022\/11\/OND03270-1-300x200.jpg 300w, https:\/\/www.agriturismocorteaurea.it\/wp-content\/uploads\/2022\/11\/OND03270-1-1024x683.jpg 1024w, https:\/\/www.agriturismocorteaurea.it\/wp-content\/uploads\/2022\/11\/OND03270-1-600x400.jpg 600w\" sizes=\"auto, (max-width: 1920px) 100vw, 1920px\" \/><\/a><\/div><\/div><\/div><\/div><\/div><\/div><\/section><section class=\"l-section wpb_row height_auto width_full\"><div class=\"l-section-h i-cf\"><div class=\"g-cols vc_row via_flex valign_middle type_default stacking_default\"><div class=\"vc_col-sm-8 wpb_column vc_column_container\"><div class=\"vc_column-inner us_custom_2f514b60\"><div class=\"wpb_wrapper\"><div class=\"w-image align_none\"><div class=\"w-image-h\"><img decoding=\"async\" width=\"1920\" height=\"1280\" src=\"https:\/\/www.agriturismocorteaurea.it\/wp-content\/uploads\/2017\/06\/aca-7171.jpg\" class=\"attachment-full size-full\" alt=\"\" loading=\"lazy\" srcset=\"https:\/\/www.agriturismocorteaurea.it\/wp-content\/uploads\/2017\/06\/aca-7171.jpg 1920w, https:\/\/www.agriturismocorteaurea.it\/wp-content\/uploads\/2017\/06\/aca-7171-300x200.jpg 300w, https:\/\/www.agriturismocorteaurea.it\/wp-content\/uploads\/2017\/06\/aca-7171-768x512.jpg 768w, https:\/\/www.agriturismocorteaurea.it\/wp-content\/uploads\/2017\/06\/aca-7171-1024x683.jpg 1024w\" sizes=\"auto, (max-width: 1920px) 100vw, 1920px\" \/><\/div><\/div><\/div><\/div><\/div><div class=\"vc_col-sm-4 wpb_column vc_column_container greca-dx3\"><div class=\"vc_column-inner\"><div class=\"wpb_wrapper\"><div class=\"g-cols wpb_row blocco-piccolo-dx2 via_flex valign_top type_default stacking_default\"><div class=\"vc_col-sm-12 wpb_column vc_column_container\"><div class=\"vc_column-inner\"><div class=\"wpb_wrapper\"><div class=\"wpb_text_column\"><div class=\"wpb_wrapper\"><h2>FRISCHES OBST AUS DEM GARTEN<\/h2>\n<p>Giancarlo hat eine echte Leidenschaft f\u00fcr seine Weinberge und Obstb\u00e4ume. Der G\u00e4rtner des Gartens, in dem der Agrotourismushof eingebettet ist.<\/p>\n<\/div><\/div><\/div><\/div><\/div><\/div><\/div><\/div><\/div><\/div><\/div><\/section>\n","protected":false},"excerpt":{"rendered":"[rev_slider_vc alias=\"colazione\"] Fr\u00fchst\u00fcck Grosses Buffet mit s\u00fcssen und herzhaften Speisen, Sowie warmen und kalten getr\u00e4nken. Wir servieren das Fr\u00fchst\u00fcck im Speisesaal mit Blick auf den Innenhof oder auf der Terrasse mit kleinen Tischen und Lounge-Sofas. Das Fr\u00fchst\u00fcck ist stets im Preis inbegriffen, ausgenommen bei Apartments, die \u00fcber eine Kochnische zum Zubereiten von Mahlzeiten verf\u00fcgen. Unser...","protected":false},"author":1,"featured_media":0,"parent":0,"menu_order":0,"comment_status":"closed","ping_status":"closed","template":"","meta":{"inline_featured_image":false,"footnotes":""},"class_list":["post-626","page","type-page","status-publish","hentry"],"yoast_head":"<!-- This site is optimized with the Yoast SEO plugin v27.4 - https:\/\/yoast.com\/product\/yoast-seo-wordpress\/ -->\n<title>Agrotourismus Corte Aurea | Agrotourismus Desenzano Del Garda<\/title>\n<meta name=\"description\" content=\"Agrotourismu Desenzano del Garda mit Park und Pool 5 km vom Zentrum und den Str\u00e4nden entfernt. Agrotourismus Desenzano mit Zimmern and Ferienwohnungen\" \/>\n<meta name=\"robots\" content=\"index, follow, max-snippet:-1, max-image-preview:large, max-video-preview:-1\" \/>\n<link rel=\"canonical\" href=\"https:\/\/www.agriturismocorteaurea.it\/de\/fruehstueck\/\" \/>\n<meta property=\"og:locale\" content=\"de_DE\" \/>\n<meta property=\"og:type\" content=\"article\" \/>\n<meta property=\"og:title\" content=\"Agrotourismus Corte Aurea | Agrotourismus Desenzano Del Garda\" \/>\n<meta property=\"og:description\" content=\"Agrotourismu Desenzano del Garda mit Park und Pool 5 km vom Zentrum und den Str\u00e4nden entfernt. Agrotourismus Desenzano mit Zimmern and Ferienwohnungen\" \/>\n<meta property=\"og:url\" content=\"https:\/\/www.agriturismocorteaurea.it\/de\/fruehstueck\/\" \/>\n<meta property=\"og:site_name\" content=\"Agriturismo Corte Aurea\" \/>\n<meta property=\"article:modified_time\" content=\"2022-11-16T10:38:00+00:00\" \/>\n<meta name=\"twitter:card\" content=\"summary_large_image\" \/>\n<meta name=\"twitter:label1\" content=\"Gesch\u00e4tzte Lesezeit\" \/>\n\t<meta name=\"twitter:data1\" content=\"2\u00a0Minuten\" \/>\n<script type=\"application\/ld+json\" class=\"yoast-schema-graph\">{\"@context\":\"https:\\\/\\\/schema.org\",\"@graph\":[{\"@type\":\"WebPage\",\"@id\":\"https:\\\/\\\/www.agriturismocorteaurea.it\\\/de\\\/fruehstueck\\\/\",\"url\":\"https:\\\/\\\/www.agriturismocorteaurea.it\\\/de\\\/fruehstueck\\\/\",\"name\":\"Agrotourismus Corte Aurea | Agrotourismus Desenzano Del Garda\",\"isPartOf\":{\"@id\":\"https:\\\/\\\/www.agriturismocorteaurea.it\\\/#website\"},\"datePublished\":\"2017-09-02T08:30:33+00:00\",\"dateModified\":\"2022-11-16T10:38:00+00:00\",\"description\":\"Agrotourismu Desenzano del Garda mit Park und Pool 5 km vom Zentrum und den Str\u00e4nden entfernt. Agrotourismus Desenzano mit Zimmern and Ferienwohnungen\",\"breadcrumb\":{\"@id\":\"https:\\\/\\\/www.agriturismocorteaurea.it\\\/de\\\/fruehstueck\\\/#breadcrumb\"},\"inLanguage\":\"de\",\"potentialAction\":[{\"@type\":\"ReadAction\",\"target\":[\"https:\\\/\\\/www.agriturismocorteaurea.it\\\/de\\\/fruehstueck\\\/\"]}]},{\"@type\":\"BreadcrumbList\",\"@id\":\"https:\\\/\\\/www.agriturismocorteaurea.it\\\/de\\\/fruehstueck\\\/#breadcrumb\",\"itemListElement\":[{\"@type\":\"ListItem\",\"position\":1,\"name\":\"Home\",\"item\":\"https:\\\/\\\/www.agriturismocorteaurea.it\\\/de\\\/\"},{\"@type\":\"ListItem\",\"position\":2,\"name\":\"Fr\u00fchst\u00fcck\"}]},{\"@type\":\"WebSite\",\"@id\":\"https:\\\/\\\/www.agriturismocorteaurea.it\\\/#website\",\"url\":\"https:\\\/\\\/www.agriturismocorteaurea.it\\\/\",\"name\":\"Agriturismo Corte Aurea\",\"description\":\"Agriturismo Corte Aurea\",\"potentialAction\":[{\"@type\":\"SearchAction\",\"target\":{\"@type\":\"EntryPoint\",\"urlTemplate\":\"https:\\\/\\\/www.agriturismocorteaurea.it\\\/?s={search_term_string}\"},\"query-input\":{\"@type\":\"PropertyValueSpecification\",\"valueRequired\":true,\"valueName\":\"search_term_string\"}}],\"inLanguage\":\"de\"}]}<\/script>\n<!-- \/ Yoast SEO plugin. -->","yoast_head_json":{"title":"Agrotourismus Corte Aurea | Agrotourismus Desenzano Del Garda","description":"Agrotourismu Desenzano del Garda mit Park und Pool 5 km vom Zentrum und den Str\u00e4nden entfernt. Agrotourismus Desenzano mit Zimmern and Ferienwohnungen","robots":{"index":"index","follow":"follow","max-snippet":"max-snippet:-1","max-image-preview":"max-image-preview:large","max-video-preview":"max-video-preview:-1"},"canonical":"https:\/\/www.agriturismocorteaurea.it\/de\/fruehstueck\/","og_locale":"de_DE","og_type":"article","og_title":"Agrotourismus Corte Aurea | Agrotourismus Desenzano Del Garda","og_description":"Agrotourismu Desenzano del Garda mit Park und Pool 5 km vom Zentrum und den Str\u00e4nden entfernt. Agrotourismus Desenzano mit Zimmern and Ferienwohnungen","og_url":"https:\/\/www.agriturismocorteaurea.it\/de\/fruehstueck\/","og_site_name":"Agriturismo Corte Aurea","article_modified_time":"2022-11-16T10:38:00+00:00","twitter_card":"summary_large_image","twitter_misc":{"Gesch\u00e4tzte Lesezeit":"2\u00a0Minuten"},"schema":{"@context":"https:\/\/schema.org","@graph":[{"@type":"WebPage","@id":"https:\/\/www.agriturismocorteaurea.it\/de\/fruehstueck\/","url":"https:\/\/www.agriturismocorteaurea.it\/de\/fruehstueck\/","name":"Agrotourismus Corte Aurea | Agrotourismus Desenzano Del Garda","isPartOf":{"@id":"https:\/\/www.agriturismocorteaurea.it\/#website"},"datePublished":"2017-09-02T08:30:33+00:00","dateModified":"2022-11-16T10:38:00+00:00","description":"Agrotourismu Desenzano del Garda mit Park und Pool 5 km vom Zentrum und den Str\u00e4nden entfernt. Agrotourismus Desenzano mit Zimmern and Ferienwohnungen","breadcrumb":{"@id":"https:\/\/www.agriturismocorteaurea.it\/de\/fruehstueck\/#breadcrumb"},"inLanguage":"de","potentialAction":[{"@type":"ReadAction","target":["https:\/\/www.agriturismocorteaurea.it\/de\/fruehstueck\/"]}]},{"@type":"BreadcrumbList","@id":"https:\/\/www.agriturismocorteaurea.it\/de\/fruehstueck\/#breadcrumb","itemListElement":[{"@type":"ListItem","position":1,"name":"Home","item":"https:\/\/www.agriturismocorteaurea.it\/de\/"},{"@type":"ListItem","position":2,"name":"Fr\u00fchst\u00fcck"}]},{"@type":"WebSite","@id":"https:\/\/www.agriturismocorteaurea.it\/#website","url":"https:\/\/www.agriturismocorteaurea.it\/","name":"Agriturismo Corte Aurea","description":"Agriturismo Corte Aurea","potentialAction":[{"@type":"SearchAction","target":{"@type":"EntryPoint","urlTemplate":"https:\/\/www.agriturismocorteaurea.it\/?s={search_term_string}"},"query-input":{"@type":"PropertyValueSpecification","valueRequired":true,"valueName":"search_term_string"}}],"inLanguage":"de"}]}},"_links":{"self":[{"href":"https:\/\/www.agriturismocorteaurea.it\/de\/wp-json\/wp\/v2\/pages\/626","targetHints":{"allow":["GET"]}}],"collection":[{"href":"https:\/\/www.agriturismocorteaurea.it\/de\/wp-json\/wp\/v2\/pages"}],"about":[{"href":"https:\/\/www.agriturismocorteaurea.it\/de\/wp-json\/wp\/v2\/types\/page"}],"author":[{"embeddable":true,"href":"https:\/\/www.agriturismocorteaurea.it\/de\/wp-json\/wp\/v2\/users\/1"}],"replies":[{"embeddable":true,"href":"https:\/\/www.agriturismocorteaurea.it\/de\/wp-json\/wp\/v2\/comments?post=626"}],"version-history":[{"count":11,"href":"https:\/\/www.agriturismocorteaurea.it\/de\/wp-json\/wp\/v2\/pages\/626\/revisions"}],"predecessor-version":[{"id":2159,"href":"https:\/\/www.agriturismocorteaurea.it\/de\/wp-json\/wp\/v2\/pages\/626\/revisions\/2159"}],"wp:attachment":[{"href":"https:\/\/www.agriturismocorteaurea.it\/de\/wp-json\/wp\/v2\/media?parent=626"}],"curies":[{"name":"wp","href":"https:\/\/api.w.org\/{rel}","templated":true}]}}