{"id":618,"date":"2017-09-01T17:52:30","date_gmt":"2017-09-01T15:52:30","guid":{"rendered":"https:\/\/www.agriturismocorteaurea.it\/?page_id=618\/"},"modified":"2017-09-01T17:52:30","modified_gmt":"2017-09-01T15:52:30","slug":"vielen-dank","status":"publish","type":"page","link":"https:\/\/www.agriturismocorteaurea.it\/de\/vielen-dank\/","title":{"rendered":"Vielen Dank"},"content":{"rendered":"<section class=\"l-section wpb_row height_medium\"><div class=\"l-section-h i-cf\"><div class=\"g-cols vc_row via_flex valign_top type_default stacking_default\"><div class=\"vc_col-sm-12 wpb_column vc_column_container\"><div class=\"vc_column-inner\"><div class=\"wpb_wrapper\"><div class=\"wpb_text_column\"><div class=\"wpb_wrapper\"><h1 style=\"text-align: center;\">VIELEN DANK F\u00dcR IHRE ANFRAGE<\/h1>\n<p style=\"text-align: center;\">Wir haben Ihre Anfrage erfolgreich erhalten<br \/>\nund werden uns bem\u00fchen Ihnen im Laufe des Tages zu antworten.<\/p>\n<p style=\"text-align: center;\">Danke, bis bald<br \/>\nAgritourismo Corte Aurea<\/p>\n<p style=\"text-align: center;\"><strong>Sie k\u00f6nnen uns auch bei Facebook folgen:<\/strong><br \/>\n<a href=\"https:\/\/www.facebook.com\/CorteAurea\" target=\"_blank\" rel=\"noopener\">https:\/\/www.facebook.com\/CorteAurea<\/a><\/p>\n<\/div><\/div><\/div><\/div><\/div><\/div><\/div><\/section>\n","protected":false},"excerpt":{"rendered":"VIELEN DANK F\u00dcR IHRE ANFRAGE Wir haben Ihre Anfrage erfolgreich erhalten und werden uns bem\u00fchen Ihnen im Laufe des Tages zu antworten. Danke, bis bald Agritourismo Corte Aurea Sie k\u00f6nnen uns auch bei Facebook folgen: https:\/\/www.facebook.com\/CorteAurea","protected":false},"author":1,"featured_media":0,"parent":0,"menu_order":0,"comment_status":"closed","ping_status":"closed","template":"","meta":{"inline_featured_image":false,"footnotes":""},"class_list":["post-618","page","type-page","status-publish","hentry"],"yoast_head":"<!-- This site is optimized with the Yoast SEO plugin v27.5 - https:\/\/yoast.com\/product\/yoast-seo-wordpress\/ -->\n<title>Vielen Dank - Agriturismo Corte Aurea<\/title>\n<meta name=\"robots\" content=\"index, follow, max-snippet:-1, max-image-preview:large, max-video-preview:-1\" \/>\n<link rel=\"canonical\" href=\"https:\/\/www.agriturismocorteaurea.it\/de\/vielen-dank\/\" \/>\n<meta property=\"og:locale\" content=\"de_DE\" \/>\n<meta property=\"og:type\" content=\"article\" \/>\n<meta property=\"og:title\" content=\"Vielen Dank - Agriturismo Corte Aurea\" \/>\n<meta property=\"og:url\" content=\"https:\/\/www.agriturismocorteaurea.it\/de\/vielen-dank\/\" \/>\n<meta property=\"og:site_name\" content=\"Agriturismo Corte Aurea\" \/>\n<meta name=\"twitter:card\" content=\"summary_large_image\" \/>\n<script type=\"application\/ld+json\" class=\"yoast-schema-graph\">{\"@context\":\"https:\\\/\\\/schema.org\",\"@graph\":[{\"@type\":\"WebPage\",\"@id\":\"https:\\\/\\\/www.agriturismocorteaurea.it\\\/de\\\/vielen-dank\\\/\",\"url\":\"https:\\\/\\\/www.agriturismocorteaurea.it\\\/de\\\/vielen-dank\\\/\",\"name\":\"Vielen Dank - Agriturismo Corte Aurea\",\"isPartOf\":{\"@id\":\"https:\\\/\\\/www.agriturismocorteaurea.it\\\/#website\"},\"datePublished\":\"2017-09-01T15:52:30+00:00\",\"breadcrumb\":{\"@id\":\"https:\\\/\\\/www.agriturismocorteaurea.it\\\/de\\\/vielen-dank\\\/#breadcrumb\"},\"inLanguage\":\"de\",\"potentialAction\":[{\"@type\":\"ReadAction\",\"target\":[\"https:\\\/\\\/www.agriturismocorteaurea.it\\\/de\\\/vielen-dank\\\/\"]}]},{\"@type\":\"BreadcrumbList\",\"@id\":\"https:\\\/\\\/www.agriturismocorteaurea.it\\\/de\\\/vielen-dank\\\/#breadcrumb\",\"itemListElement\":[{\"@type\":\"ListItem\",\"position\":1,\"name\":\"Home\",\"item\":\"https:\\\/\\\/www.agriturismocorteaurea.it\\\/de\\\/\"},{\"@type\":\"ListItem\",\"position\":2,\"name\":\"Vielen Dank\"}]},{\"@type\":\"WebSite\",\"@id\":\"https:\\\/\\\/www.agriturismocorteaurea.it\\\/#website\",\"url\":\"https:\\\/\\\/www.agriturismocorteaurea.it\\\/\",\"name\":\"Agriturismo Corte Aurea\",\"description\":\"Agriturismo Corte Aurea\",\"potentialAction\":[{\"@type\":\"SearchAction\",\"target\":{\"@type\":\"EntryPoint\",\"urlTemplate\":\"https:\\\/\\\/www.agriturismocorteaurea.it\\\/?s={search_term_string}\"},\"query-input\":{\"@type\":\"PropertyValueSpecification\",\"valueRequired\":true,\"valueName\":\"search_term_string\"}}],\"inLanguage\":\"de\"}]}<\/script>\n<!-- \/ Yoast SEO plugin. -->","yoast_head_json":{"title":"Vielen Dank - Agriturismo Corte Aurea","robots":{"index":"index","follow":"follow","max-snippet":"max-snippet:-1","max-image-preview":"max-image-preview:large","max-video-preview":"max-video-preview:-1"},"canonical":"https:\/\/www.agriturismocorteaurea.it\/de\/vielen-dank\/","og_locale":"de_DE","og_type":"article","og_title":"Vielen Dank - Agriturismo Corte Aurea","og_url":"https:\/\/www.agriturismocorteaurea.it\/de\/vielen-dank\/","og_site_name":"Agriturismo Corte Aurea","twitter_card":"summary_large_image","schema":{"@context":"https:\/\/schema.org","@graph":[{"@type":"WebPage","@id":"https:\/\/www.agriturismocorteaurea.it\/de\/vielen-dank\/","url":"https:\/\/www.agriturismocorteaurea.it\/de\/vielen-dank\/","name":"Vielen Dank - Agriturismo Corte Aurea","isPartOf":{"@id":"https:\/\/www.agriturismocorteaurea.it\/#website"},"datePublished":"2017-09-01T15:52:30+00:00","breadcrumb":{"@id":"https:\/\/www.agriturismocorteaurea.it\/de\/vielen-dank\/#breadcrumb"},"inLanguage":"de","potentialAction":[{"@type":"ReadAction","target":["https:\/\/www.agriturismocorteaurea.it\/de\/vielen-dank\/"]}]},{"@type":"BreadcrumbList","@id":"https:\/\/www.agriturismocorteaurea.it\/de\/vielen-dank\/#breadcrumb","itemListElement":[{"@type":"ListItem","position":1,"name":"Home","item":"https:\/\/www.agriturismocorteaurea.it\/de\/"},{"@type":"ListItem","position":2,"name":"Vielen Dank"}]},{"@type":"WebSite","@id":"https:\/\/www.agriturismocorteaurea.it\/#website","url":"https:\/\/www.agriturismocorteaurea.it\/","name":"Agriturismo Corte Aurea","description":"Agriturismo Corte Aurea","potentialAction":[{"@type":"SearchAction","target":{"@type":"EntryPoint","urlTemplate":"https:\/\/www.agriturismocorteaurea.it\/?s={search_term_string}"},"query-input":{"@type":"PropertyValueSpecification","valueRequired":true,"valueName":"search_term_string"}}],"inLanguage":"de"}]}},"_links":{"self":[{"href":"https:\/\/www.agriturismocorteaurea.it\/de\/wp-json\/wp\/v2\/pages\/618","targetHints":{"allow":["GET"]}}],"collection":[{"href":"https:\/\/www.agriturismocorteaurea.it\/de\/wp-json\/wp\/v2\/pages"}],"about":[{"href":"https:\/\/www.agriturismocorteaurea.it\/de\/wp-json\/wp\/v2\/types\/page"}],"author":[{"embeddable":true,"href":"https:\/\/www.agriturismocorteaurea.it\/de\/wp-json\/wp\/v2\/users\/1"}],"replies":[{"embeddable":true,"href":"https:\/\/www.agriturismocorteaurea.it\/de\/wp-json\/wp\/v2\/comments?post=618"}],"version-history":[{"count":1,"href":"https:\/\/www.agriturismocorteaurea.it\/de\/wp-json\/wp\/v2\/pages\/618\/revisions"}],"predecessor-version":[{"id":619,"href":"https:\/\/www.agriturismocorteaurea.it\/de\/wp-json\/wp\/v2\/pages\/618\/revisions\/619"}],"wp:attachment":[{"href":"https:\/\/www.agriturismocorteaurea.it\/de\/wp-json\/wp\/v2\/media?parent=618"}],"curies":[{"name":"wp","href":"https:\/\/api.w.org\/{rel}","templated":true}]}}