{"id":598,"date":"2017-09-01T17:04:50","date_gmt":"2017-09-01T15:04:50","guid":{"rendered":"https:\/\/www.agriturismocorteaurea.it\/?page_id=598\/"},"modified":"2020-06-03T10:16:41","modified_gmt":"2020-06-03T08:16:41","slug":"lage","status":"publish","type":"page","link":"https:\/\/www.agriturismocorteaurea.it\/de\/lage\/","title":{"rendered":"Lage"},"content":{"rendered":"<section class=\"l-section wpb_row height_auto width_full\"><div class=\"l-section-h i-cf\"><div class=\"g-cols vc_row via_flex valign_top type_default stacking_default\"><div class=\"vc_col-sm-12 wpb_column vc_column_container\"><div class=\"vc_column-inner\"><div class=\"wpb_wrapper\">[rev_slider_vc alias=&#8220;posizione&#8220;]<\/div><\/div><\/div><\/div><\/div><\/section><section class=\"l-section wpb_row height_large\"><div class=\"l-section-h i-cf\"><div class=\"g-cols vc_row via_flex valign_top type_default stacking_default\"><div class=\"vc_col-sm-6 wpb_column vc_column_container\"><div class=\"vc_column-inner\"><div class=\"wpb_wrapper\"><div class=\"w-map provider_google us_custom_cfdf64d4\" id=\"us_map_1\"><div class=\"w-map-inner\"><div class=\"w-map-json\" onclick='return {&quot;address&quot;:&quot;45.449676, 10.510871&quot;,&quot;disableDragging&quot;:0,&quot;disableZoom&quot;:0,&quot;hideControls&quot;:0,&quot;zoom&quot;:14,&quot;markers&quot;:[{&quot;address&quot;:&quot;45.449676, 10.510871&quot;,&quot;html&quot;:&quot;Agriturismo Corte Aurea&lt;br&gt;\\nLoc. San Cipriano 2 \\u2013 Desenzano del Garda (BS) Italy&lt;br&gt;\\nTel. (+39) 030.9132630 \\u2013 info@agriturismocorteaurea.it&quot;,&quot;infowindow&quot;:0}],&quot;maptype&quot;:&quot;ROADMAP&quot;}'><\/div><\/div><\/div><\/div><\/div><\/div><div class=\"vc_col-sm-6 wpb_column vc_column_container\"><div class=\"vc_column-inner\"><div class=\"wpb_wrapper\"><div class=\"wpb_text_column\"><div class=\"wpb_wrapper\"><h3>Standort<\/h3>\n<p><strong>DER SEE UND DIE STR\u00c4NDE<\/strong><br \/>\nDas Corte Aurea liegt ca. 7 km (7 Autominuten) vom See und den sch\u00f6nsten Str\u00e4nden von Desenzano (Desenzanino und Spiaggia d\u2019Oro) entfernt. Es befindet sich in einer Lage, die ausreichend weit vom Trubel der Stadt entfernt ist, aber dennoch nahe genug, um die wichtigsten Sehensw\u00fcrdigkeiten und Attraktionen bequem erreichen zu k\u00f6nnen.<\/p>\n<p><strong>AUTOBAHN<\/strong><br \/>\nDie Autobahnausfahrt Desenzano ist circa 2 km entfernt.<\/p>\n<p><strong>ST\u00c4DTE (Entfernung in km)<br \/>\n<\/strong>Brescia 33 km, Verona: 45 km, Mantua: 50 km, Parma: 84 km, Bologna: 160 km, Trient: 110 km, Mailand: 120 km, Venedig: 150 km<\/p>\n<p><strong>FLUGH\u00c4FEN<br \/>\n<\/strong>Bergamo-Orio Al Serio 79 km<br \/>\nMontichiari-D\u2019Annunzio: 23 km<\/p>\n<p><strong>N\u00c4CHSTGELEGENES EINKAUFSZENTRUM<\/strong><br \/>\nEinkaufszentrum \u201eLeone\u201c 4 km<\/p>\n<p><strong>GARDALAND<\/strong><br \/>\nGardaland, der Vergn\u00fcgungspark Nr. 1 in Italien, befindet sich 24 km (30 Autominuten) entfernt. Die anderen Parks am Gardasee befinden sich ebenfalls in der N\u00e4he.<\/p>\n<\/div><\/div><\/div><\/div><\/div><\/div><\/div><\/section>\n","protected":false},"excerpt":{"rendered":"[rev_slider_vc alias=\"posizione\"]Standort DER SEE UND DIE STR\u00c4NDE Das Corte Aurea liegt ca. 7 km (7 Autominuten) vom See und den sch\u00f6nsten Str\u00e4nden von Desenzano (Desenzanino und Spiaggia d\u2019Oro) entfernt. Es befindet sich in einer Lage, die ausreichend weit vom Trubel der Stadt entfernt ist, aber dennoch nahe genug, um die wichtigsten Sehensw\u00fcrdigkeiten und Attraktionen bequem...","protected":false},"author":1,"featured_media":0,"parent":0,"menu_order":0,"comment_status":"closed","ping_status":"closed","template":"","meta":{"inline_featured_image":false,"footnotes":""},"class_list":["post-598","page","type-page","status-publish","hentry"],"yoast_head":"<!-- This site is optimized with the Yoast SEO plugin v27.4 - https:\/\/yoast.com\/product\/yoast-seo-wordpress\/ -->\n<title>Agrotourismus Corte Aurea | Agrotourismus Desenzano del Garda<\/title>\n<meta name=\"description\" content=\"Agrotourismus Desenzano del Garda mit Pool 5 km vom Zentrum und den Str\u00e4nden entfernt. Corte Aurea Agrotourismus Desenzano mit Zimmern und Ferienwohnungen.\" \/>\n<meta name=\"robots\" content=\"index, follow, max-snippet:-1, max-image-preview:large, max-video-preview:-1\" \/>\n<link rel=\"canonical\" href=\"https:\/\/www.agriturismocorteaurea.it\/de\/lage\/\" \/>\n<meta property=\"og:locale\" content=\"de_DE\" \/>\n<meta property=\"og:type\" content=\"article\" \/>\n<meta property=\"og:title\" content=\"Agrotourismus Corte Aurea | Agrotourismus Desenzano del Garda\" \/>\n<meta property=\"og:description\" content=\"Agrotourismus Desenzano del Garda mit Pool 5 km vom Zentrum und den Str\u00e4nden entfernt. Corte Aurea Agrotourismus Desenzano mit Zimmern und Ferienwohnungen.\" \/>\n<meta property=\"og:url\" content=\"https:\/\/www.agriturismocorteaurea.it\/de\/lage\/\" \/>\n<meta property=\"og:site_name\" content=\"Agriturismo Corte Aurea\" \/>\n<meta property=\"article:modified_time\" content=\"2020-06-03T08:16:41+00:00\" \/>\n<meta name=\"twitter:card\" content=\"summary_large_image\" \/>\n<meta name=\"twitter:label1\" content=\"Gesch\u00e4tzte Lesezeit\" \/>\n\t<meta name=\"twitter:data1\" content=\"1\u00a0Minute\" \/>\n<script type=\"application\/ld+json\" class=\"yoast-schema-graph\">{\"@context\":\"https:\\\/\\\/schema.org\",\"@graph\":[{\"@type\":\"WebPage\",\"@id\":\"https:\\\/\\\/www.agriturismocorteaurea.it\\\/de\\\/lage\\\/\",\"url\":\"https:\\\/\\\/www.agriturismocorteaurea.it\\\/de\\\/lage\\\/\",\"name\":\"Agrotourismus Corte Aurea | Agrotourismus Desenzano del Garda\",\"isPartOf\":{\"@id\":\"https:\\\/\\\/www.agriturismocorteaurea.it\\\/#website\"},\"datePublished\":\"2017-09-01T15:04:50+00:00\",\"dateModified\":\"2020-06-03T08:16:41+00:00\",\"description\":\"Agrotourismus Desenzano del Garda mit Pool 5 km vom Zentrum und den Str\u00e4nden entfernt. Corte Aurea Agrotourismus Desenzano mit Zimmern und Ferienwohnungen.\",\"breadcrumb\":{\"@id\":\"https:\\\/\\\/www.agriturismocorteaurea.it\\\/de\\\/lage\\\/#breadcrumb\"},\"inLanguage\":\"de\",\"potentialAction\":[{\"@type\":\"ReadAction\",\"target\":[\"https:\\\/\\\/www.agriturismocorteaurea.it\\\/de\\\/lage\\\/\"]}]},{\"@type\":\"BreadcrumbList\",\"@id\":\"https:\\\/\\\/www.agriturismocorteaurea.it\\\/de\\\/lage\\\/#breadcrumb\",\"itemListElement\":[{\"@type\":\"ListItem\",\"position\":1,\"name\":\"Home\",\"item\":\"https:\\\/\\\/www.agriturismocorteaurea.it\\\/de\\\/\"},{\"@type\":\"ListItem\",\"position\":2,\"name\":\"Lage\"}]},{\"@type\":\"WebSite\",\"@id\":\"https:\\\/\\\/www.agriturismocorteaurea.it\\\/#website\",\"url\":\"https:\\\/\\\/www.agriturismocorteaurea.it\\\/\",\"name\":\"Agriturismo Corte Aurea\",\"description\":\"Agriturismo Corte Aurea\",\"potentialAction\":[{\"@type\":\"SearchAction\",\"target\":{\"@type\":\"EntryPoint\",\"urlTemplate\":\"https:\\\/\\\/www.agriturismocorteaurea.it\\\/?s={search_term_string}\"},\"query-input\":{\"@type\":\"PropertyValueSpecification\",\"valueRequired\":true,\"valueName\":\"search_term_string\"}}],\"inLanguage\":\"de\"}]}<\/script>\n<!-- \/ Yoast SEO plugin. -->","yoast_head_json":{"title":"Agrotourismus Corte Aurea | Agrotourismus Desenzano del Garda","description":"Agrotourismus Desenzano del Garda mit Pool 5 km vom Zentrum und den Str\u00e4nden entfernt. Corte Aurea Agrotourismus Desenzano mit Zimmern und Ferienwohnungen.","robots":{"index":"index","follow":"follow","max-snippet":"max-snippet:-1","max-image-preview":"max-image-preview:large","max-video-preview":"max-video-preview:-1"},"canonical":"https:\/\/www.agriturismocorteaurea.it\/de\/lage\/","og_locale":"de_DE","og_type":"article","og_title":"Agrotourismus Corte Aurea | Agrotourismus Desenzano del Garda","og_description":"Agrotourismus Desenzano del Garda mit Pool 5 km vom Zentrum und den Str\u00e4nden entfernt. Corte Aurea Agrotourismus Desenzano mit Zimmern und Ferienwohnungen.","og_url":"https:\/\/www.agriturismocorteaurea.it\/de\/lage\/","og_site_name":"Agriturismo Corte Aurea","article_modified_time":"2020-06-03T08:16:41+00:00","twitter_card":"summary_large_image","twitter_misc":{"Gesch\u00e4tzte Lesezeit":"1\u00a0Minute"},"schema":{"@context":"https:\/\/schema.org","@graph":[{"@type":"WebPage","@id":"https:\/\/www.agriturismocorteaurea.it\/de\/lage\/","url":"https:\/\/www.agriturismocorteaurea.it\/de\/lage\/","name":"Agrotourismus Corte Aurea | Agrotourismus Desenzano del Garda","isPartOf":{"@id":"https:\/\/www.agriturismocorteaurea.it\/#website"},"datePublished":"2017-09-01T15:04:50+00:00","dateModified":"2020-06-03T08:16:41+00:00","description":"Agrotourismus Desenzano del Garda mit Pool 5 km vom Zentrum und den Str\u00e4nden entfernt. Corte Aurea Agrotourismus Desenzano mit Zimmern und Ferienwohnungen.","breadcrumb":{"@id":"https:\/\/www.agriturismocorteaurea.it\/de\/lage\/#breadcrumb"},"inLanguage":"de","potentialAction":[{"@type":"ReadAction","target":["https:\/\/www.agriturismocorteaurea.it\/de\/lage\/"]}]},{"@type":"BreadcrumbList","@id":"https:\/\/www.agriturismocorteaurea.it\/de\/lage\/#breadcrumb","itemListElement":[{"@type":"ListItem","position":1,"name":"Home","item":"https:\/\/www.agriturismocorteaurea.it\/de\/"},{"@type":"ListItem","position":2,"name":"Lage"}]},{"@type":"WebSite","@id":"https:\/\/www.agriturismocorteaurea.it\/#website","url":"https:\/\/www.agriturismocorteaurea.it\/","name":"Agriturismo Corte Aurea","description":"Agriturismo Corte Aurea","potentialAction":[{"@type":"SearchAction","target":{"@type":"EntryPoint","urlTemplate":"https:\/\/www.agriturismocorteaurea.it\/?s={search_term_string}"},"query-input":{"@type":"PropertyValueSpecification","valueRequired":true,"valueName":"search_term_string"}}],"inLanguage":"de"}]}},"_links":{"self":[{"href":"https:\/\/www.agriturismocorteaurea.it\/de\/wp-json\/wp\/v2\/pages\/598","targetHints":{"allow":["GET"]}}],"collection":[{"href":"https:\/\/www.agriturismocorteaurea.it\/de\/wp-json\/wp\/v2\/pages"}],"about":[{"href":"https:\/\/www.agriturismocorteaurea.it\/de\/wp-json\/wp\/v2\/types\/page"}],"author":[{"embeddable":true,"href":"https:\/\/www.agriturismocorteaurea.it\/de\/wp-json\/wp\/v2\/users\/1"}],"replies":[{"embeddable":true,"href":"https:\/\/www.agriturismocorteaurea.it\/de\/wp-json\/wp\/v2\/comments?post=598"}],"version-history":[{"count":9,"href":"https:\/\/www.agriturismocorteaurea.it\/de\/wp-json\/wp\/v2\/pages\/598\/revisions"}],"predecessor-version":[{"id":1756,"href":"https:\/\/www.agriturismocorteaurea.it\/de\/wp-json\/wp\/v2\/pages\/598\/revisions\/1756"}],"wp:attachment":[{"href":"https:\/\/www.agriturismocorteaurea.it\/de\/wp-json\/wp\/v2\/media?parent=598"}],"curies":[{"name":"wp","href":"https:\/\/api.w.org\/{rel}","templated":true}]}}